{"id":79064,"date":"2023-06-15T09:55:47","date_gmt":"2023-06-15T07:55:47","guid":{"rendered":"https:\/\/www.hotelsardi.it\/gebiet\/natur-und-sport\/sport-e-mare\/"},"modified":"2023-07-25T15:34:41","modified_gmt":"2023-07-25T13:34:41","slug":"sport-und-meer","status":"publish","type":"page","link":"https:\/\/www.hotelsardi.it\/de\/gebiet\/natur-und-sport\/sport-und-meer\/","title":{"rendered":"Sport und Meer"},"content":{"rendered":"\t\t<div data-elementor-type=\"wp-page\" data-elementor-id=\"79064\" class=\"elementor elementor-79064 elementor-75959\">\n\t\t\t\t\t\t<section class=\"elementor-section elementor-top-section elementor-element elementor-element-51c17ad elementor-section-height-min-height elementor-section-boxed elementor-section-height-default elementor-section-items-middle elementor-invisible\" data-id=\"51c17ad\" data-element_type=\"section\" data-e-type=\"section\" data-settings=\"{&quot;background_background&quot;:&quot;classic&quot;,&quot;animation&quot;:&quot;fadeIn&quot;}\">\n\t\t\t\t\t\t\t<div class=\"elementor-background-overlay\"><\/div>\n\t\t\t\t\t\t\t<div class=\"elementor-container elementor-column-gap-default\">\n\t\t\t\t\t<div class=\" elementor-column elementor-col-100 elementor-top-column elementor-element elementor-element-51a4d3d\" data-fullscreen-column-settings=\"{&quot;fullscreen&quot;:&quot;&quot;}\" data-id=\"51a4d3d\" data-element_type=\"column\" data-e-type=\"column\">\n\t\t\t<div class=\"elementor-widget-wrap elementor-element-populated\">\n\t\t\t\t\t\t<div class=\"elementor-element elementor-element-b7b3486 elementor-widget elementor-widget-spacer\" data-id=\"b7b3486\" data-element_type=\"widget\" data-e-type=\"widget\" data-widget_type=\"spacer.default\">\n\t\t\t\t<div class=\"elementor-widget-container\">\n\t\t\t\t\t\t\t<div class=\"elementor-spacer\">\n\t\t\t<div class=\"elementor-spacer-inner\"><\/div>\n\t\t<\/div>\n\t\t\t\t\t\t<\/div>\n\t\t\t\t<\/div>\n\t\t\t\t\t<\/div>\n\t\t<\/div>\n\t\t\t\t\t<\/div>\n\t\t<\/section>\n\t\t\t\t<section class=\"elementor-section elementor-top-section elementor-element elementor-element-7686835 elementor-section-boxed elementor-section-height-default elementor-section-height-default\" data-id=\"7686835\" data-element_type=\"section\" data-e-type=\"section\" data-settings=\"{&quot;background_background&quot;:&quot;classic&quot;}\">\n\t\t\t\t\t\t<div class=\"elementor-container elementor-column-gap-default\">\n\t\t\t\t\t<div class=\" elementor-column elementor-col-100 elementor-top-column elementor-element elementor-element-bc82df8\" data-fullscreen-column-settings=\"{&quot;fullscreen&quot;:&quot;&quot;}\" data-id=\"bc82df8\" data-element_type=\"column\" data-e-type=\"column\">\n\t\t\t<div class=\"elementor-widget-wrap elementor-element-populated\">\n\t\t\t\t\t\t<section class=\"elementor-section elementor-inner-section elementor-element elementor-element-460445b elementor-section-boxed elementor-section-height-default elementor-section-height-default elementor-invisible\" data-id=\"460445b\" data-element_type=\"section\" data-e-type=\"section\" data-settings=\"{&quot;animation&quot;:&quot;fadeInDown&quot;,&quot;animation_delay&quot;:200}\">\n\t\t\t\t\t\t<div class=\"elementor-container elementor-column-gap-default\">\n\t\t\t\t\t<div class=\" elementor-column elementor-col-100 elementor-inner-column elementor-element elementor-element-3fd7977 hvr-float-3px\" data-fullscreen-column-settings=\"{&quot;fullscreen&quot;:&quot;&quot;}\" data-id=\"3fd7977\" data-element_type=\"column\" data-e-type=\"column\" data-settings=\"{&quot;background_background&quot;:&quot;classic&quot;}\">\n\t\t\t<div class=\"elementor-widget-wrap elementor-element-populated\">\n\t\t\t\t\t\t<div class=\"elementor-element elementor-element-ba88c71 elementor-widget elementor-widget-html\" data-id=\"ba88c71\" data-element_type=\"widget\" data-e-type=\"widget\" data-widget_type=\"html.default\">\n\t\t\t\t<div class=\"elementor-widget-container\">\n\t\t\t\t\t<script charset=\"UTF-8\" defer src=\"https:\/\/cdn.beddy.io\/bol-v2\/prod\/beddy-bar-web-component.js\"><\/script><beddy-bar lang=\"de\" widgetcode=\"2cd12dd5394c8\"><\/beddy-bar>\t\t\t\t<\/div>\n\t\t\t\t<\/div>\n\t\t\t\t<div class=\"elementor-element elementor-element-4626e0c elementor-widget__width-auto elementor-absolute e-transform elementor-invisible elementor-widget elementor-widget-text-editor\" data-id=\"4626e0c\" data-element_type=\"widget\" data-e-type=\"widget\" data-settings=\"{&quot;_position&quot;:&quot;absolute&quot;,&quot;_animation&quot;:&quot;rollIn&quot;,&quot;_animation_delay&quot;:1600,&quot;_transform_rotateZ_effect&quot;:{&quot;unit&quot;:&quot;px&quot;,&quot;size&quot;:-20,&quot;sizes&quot;:[]},&quot;_transform_rotateZ_effect_tablet&quot;:{&quot;unit&quot;:&quot;deg&quot;,&quot;size&quot;:&quot;&quot;,&quot;sizes&quot;:[]},&quot;_transform_rotateZ_effect_mobile&quot;:{&quot;unit&quot;:&quot;deg&quot;,&quot;size&quot;:&quot;&quot;,&quot;sizes&quot;:[]}}\" data-widget_type=\"text-editor.default\">\n\t\t\t\t<div class=\"elementor-widget-container\">\n\t\t\t\t\t\t\t\t\tBest Price<br \/>\nGuarantee\t\t\t\t\t\t\t\t<\/div>\n\t\t\t\t<\/div>\n\t\t\t\t\t<\/div>\n\t\t<\/div>\n\t\t\t\t\t<\/div>\n\t\t<\/section>\n\t\t\t\t<section class=\"elementor-section elementor-inner-section elementor-element elementor-element-e0cad78 elementor-section-boxed elementor-section-height-default elementor-section-height-default\" data-id=\"e0cad78\" data-element_type=\"section\" data-e-type=\"section\">\n\t\t\t\t\t\t<div class=\"elementor-container elementor-column-gap-default\">\n\t\t\t\t\t<div class=\" elementor-column elementor-col-100 elementor-inner-column elementor-element elementor-element-5725ede elementor-invisible\" data-fullscreen-column-settings=\"{&quot;fullscreen&quot;:&quot;&quot;}\" data-id=\"5725ede\" data-element_type=\"column\" data-e-type=\"column\" data-settings=\"{&quot;animation&quot;:&quot;fadeIn&quot;}\">\n\t\t\t<div class=\"elementor-widget-wrap elementor-element-populated\">\n\t\t\t\t\t\t<div class=\"elementor-element elementor-element-79c219a elementor-widget elementor-widget-litho-heading\" data-id=\"79c219a\" data-element_type=\"widget\" data-e-type=\"widget\" data-widget_type=\"litho-heading.default\">\n\t\t\t\t<div class=\"elementor-widget-container\">\n\t\t\t\t\t<h5 class=\"litho-heading elementor-size-default\"><span class=\"litho-primary-title\">Sport und Meer<\/span><\/h5>\t\t\t\t<\/div>\n\t\t\t\t<\/div>\n\t\t\t\t<div class=\"elementor-element elementor-element-1233b8b4 elementor-widget__width-initial elementor-widget-tablet__width-inherit elementor-widget elementor-widget-text-editor\" data-id=\"1233b8b4\" data-element_type=\"widget\" data-e-type=\"widget\" data-widget_type=\"text-editor.default\">\n\t\t\t\t<div class=\"elementor-widget-container\">\n\t\t\t\t\t\t\t\t\t<p>Die Costa del Sole, insbesondere der Meeresabschnitt zwischen Pomonte und Chiessi, ist ein beliebter Treffpunkt f\u00fcr <b>Windsurfer<\/b> und <b>Kitesurfer<\/b>.<br>Im Laufe des Jahres finden zahlreiche Rallyes und Wettbewerbe statt, darunter Pr\u00fcfungen der Coppa Italia Formula Windsurfing und der italienischen Slalom Tour Windsurfing.<\/p>\n<p>Das <b>Kajak<\/b> ist hingegen die ideale M\u00f6glichkeit, die Reize unserer K\u00fcste zu genie\u00dfen und dabei in die Ger\u00e4usche des Meeres einzutauchen. Beim Paddeln entlang der K\u00fcste k\u00f6nnen Sie Buchten, versteckte H\u00f6hlen und eindrucksvolle wilde Str\u00e4nde entdecken, von denen einige nur auf dem Seeweg erreichbar sind.<br>Unser Hotel arbeitet mit der Unterst\u00fctzung spezialisierter Reisef\u00fchrer zusammen, damit Sie den ganzen Zauber dieses Traumerlebnisses erleben k\u00f6nnen.<\/p>\n<p>Der <b>Unterwasserausflug<\/b> findet an Tauchpl\u00e4tzen statt, deren Kulisse zu den sch\u00f6nsten im Mittelmeerraum z\u00e4hlt, voller untergetauchter Wracks, Untiefen, Erdrutschen, Fischen von unglaublicher Vielfalt und farbenfrohen W\u00e4nden&#8230; F\u00fcr diejenigen, die mit der Entdeckung der Wunder der Unterwasserwelt beginnen m\u00f6chten, ist es m\u00f6glich, mit der Erteilung eines internationalen Patents im Tauchzentrum in Pomonte einen Tauchkurs auf verschiedenen Niveaus zu besuchen.<\/p>\n<p>Zus\u00e4tzlich zu allen Kursen der PADI-Didaktik bietet Diving Pomonte die M\u00f6glichkeit, sich von einem Unterwasserf\u00fchrer\/Biologen zum Elviscot-Wrack begleiten zu lassen und viele weitere Ausfl\u00fcge zu unternehmen Bio-Snorkeling und bietet einen Flaschenverleih- und Nachf\u00fcllservice f\u00fcr zertifizierte Taucher an.<\/p>\t\t\t\t\t\t\t\t<\/div>\n\t\t\t\t<\/div>\n\t\t\t\t\t<\/div>\n\t\t<\/div>\n\t\t\t\t\t<\/div>\n\t\t<\/section>\n\t\t\t\t\t<\/div>\n\t\t<\/div>\n\t\t\t\t\t<\/div>\n\t\t<\/section>\n\t\t\t\t<\/div>\n\t\t","protected":false},"excerpt":{"rendered":"<p>Best Price Guarantee Sport und Meer Die Costa del Sole, insbesondere der Meeresabschnitt zwischen Pomonte und Chiessi, ist ein beliebter Treffpunkt f\u00fcr Windsurfer und Kitesurfer.Im Laufe des Jahres finden zahlreiche Rallyes und Wettbewerbe statt, darunter Pr\u00fcfungen der Coppa Italia Formula Windsurfing und der italienischen Slalom Tour Windsurfing. Das Kajak ist hingegen die ideale M\u00f6glichkeit, die [&hellip;]<\/p>\n","protected":false},"author":1,"featured_media":78112,"parent":79006,"menu_order":3,"comment_status":"closed","ping_status":"closed","template":"","meta":{"_joinchat":[],"footnotes":""},"class_list":["post-79064","page","type-page","status-publish","has-post-thumbnail","hentry"],"yoast_head":"<!-- This site is optimized with the Yoast SEO plugin v27.1.1 - https:\/\/yoast.com\/product\/yoast-seo-wordpress\/ -->\n<title>Sport und Meer - Hotel Sardi B&amp;B - Pomonte, Insel Elba<\/title>\n<meta name=\"description\" content=\"Die Costa del Sole, insbesondere der Meeresabschnitt zwischen Pomonte und Chiessi, ist ein beliebter Treffpunkt f\u00fcr Windsurfer und Kitesurfer.\" \/>\n<meta name=\"robots\" content=\"index, follow, max-snippet:-1, max-image-preview:large, max-video-preview:-1\" \/>\n<link rel=\"canonical\" href=\"https:\/\/www.hotelsardi.it\/de\/gebiet\/natur-und-sport\/sport-und-meer\/\" \/>\n<meta property=\"og:locale\" content=\"de_DE\" \/>\n<meta property=\"og:type\" content=\"article\" \/>\n<meta property=\"og:title\" content=\"Sport und Meer - Hotel Sardi B&amp;B - Pomonte, Insel Elba\" \/>\n<meta property=\"og:description\" content=\"Die Costa del Sole, insbesondere der Meeresabschnitt zwischen Pomonte und Chiessi, ist ein beliebter Treffpunkt f\u00fcr Windsurfer und Kitesurfer.\" \/>\n<meta property=\"og:url\" content=\"https:\/\/www.hotelsardi.it\/de\/gebiet\/natur-und-sport\/sport-und-meer\/\" \/>\n<meta property=\"og:site_name\" content=\"Hotel Sardi B&amp;B\" \/>\n<meta property=\"article:modified_time\" content=\"2023-07-25T13:34:41+00:00\" \/>\n<meta property=\"og:image\" content=\"https:\/\/www.hotelsardi.it\/wp-content\/uploads\/hotel_sardi_q.png\" \/>\n\t<meta property=\"og:image:width\" content=\"512\" \/>\n\t<meta property=\"og:image:height\" content=\"512\" \/>\n\t<meta property=\"og:image:type\" content=\"image\/png\" \/>\n<meta name=\"twitter:card\" content=\"summary_large_image\" \/>\n<meta name=\"twitter:label1\" content=\"Gesch\u00e4tzte Lesezeit\" \/>\n\t<meta name=\"twitter:data1\" content=\"1\u00a0Minute\" \/>\n<script type=\"application\/ld+json\" class=\"yoast-schema-graph\">{\"@context\":\"https:\/\/schema.org\",\"@graph\":[{\"@type\":\"WebPage\",\"@id\":\"https:\/\/www.hotelsardi.it\/de\/gebiet\/natur-und-sport\/sport-und-meer\/\",\"url\":\"https:\/\/www.hotelsardi.it\/de\/gebiet\/natur-und-sport\/sport-und-meer\/\",\"name\":\"Sport und Meer - Hotel Sardi B&amp;B - Pomonte, Insel Elba\",\"isPartOf\":{\"@id\":\"https:\/\/www.hotelsardi.it\/de\/#website\"},\"primaryImageOfPage\":{\"@id\":\"https:\/\/www.hotelsardi.it\/de\/gebiet\/natur-und-sport\/sport-und-meer\/#primaryimage\"},\"image\":{\"@id\":\"https:\/\/www.hotelsardi.it\/de\/gebiet\/natur-und-sport\/sport-und-meer\/#primaryimage\"},\"thumbnailUrl\":\"https:\/\/www.hotelsardi.it\/wp-content\/uploads\/hotel_sardi_q.png\",\"datePublished\":\"2023-06-15T07:55:47+00:00\",\"dateModified\":\"2023-07-25T13:34:41+00:00\",\"description\":\"Die Costa del Sole, insbesondere der Meeresabschnitt zwischen Pomonte und Chiessi, ist ein beliebter Treffpunkt f\u00fcr Windsurfer und Kitesurfer.\",\"breadcrumb\":{\"@id\":\"https:\/\/www.hotelsardi.it\/de\/gebiet\/natur-und-sport\/sport-und-meer\/#breadcrumb\"},\"inLanguage\":\"de\",\"potentialAction\":[{\"@type\":\"ReadAction\",\"target\":[\"https:\/\/www.hotelsardi.it\/de\/gebiet\/natur-und-sport\/sport-und-meer\/\"]}]},{\"@type\":\"ImageObject\",\"inLanguage\":\"de\",\"@id\":\"https:\/\/www.hotelsardi.it\/de\/gebiet\/natur-und-sport\/sport-und-meer\/#primaryimage\",\"url\":\"https:\/\/www.hotelsardi.it\/wp-content\/uploads\/hotel_sardi_q.png\",\"contentUrl\":\"https:\/\/www.hotelsardi.it\/wp-content\/uploads\/hotel_sardi_q.png\",\"width\":512,\"height\":512},{\"@type\":\"BreadcrumbList\",\"@id\":\"https:\/\/www.hotelsardi.it\/de\/gebiet\/natur-und-sport\/sport-und-meer\/#breadcrumb\",\"itemListElement\":[{\"@type\":\"ListItem\",\"position\":1,\"name\":\"Home\",\"item\":\"https:\/\/www.hotelsardi.it\/de\/\"},{\"@type\":\"ListItem\",\"position\":2,\"name\":\"Gebiet\",\"item\":\"https:\/\/www.hotelsardi.it\/de\/gebiet\/\"},{\"@type\":\"ListItem\",\"position\":3,\"name\":\"Natur und Sport\",\"item\":\"https:\/\/www.hotelsardi.it\/de\/gebiet\/natur-und-sport\/\"},{\"@type\":\"ListItem\",\"position\":4,\"name\":\"Sport und Meer\"}]},{\"@type\":\"WebSite\",\"@id\":\"https:\/\/www.hotelsardi.it\/de\/#website\",\"url\":\"https:\/\/www.hotelsardi.it\/de\/\",\"name\":\"Hotel Sardi B&B\",\"description\":\"Pomonte, Insel Elba\",\"publisher\":{\"@id\":\"https:\/\/www.hotelsardi.it\/de\/#organization\"},\"potentialAction\":[{\"@type\":\"SearchAction\",\"target\":{\"@type\":\"EntryPoint\",\"urlTemplate\":\"https:\/\/www.hotelsardi.it\/de\/?s={search_term_string}\"},\"query-input\":{\"@type\":\"PropertyValueSpecification\",\"valueRequired\":true,\"valueName\":\"search_term_string\"}}],\"inLanguage\":\"de\"},{\"@type\":\"Organization\",\"@id\":\"https:\/\/www.hotelsardi.it\/de\/#organization\",\"name\":\"Hotel Sardi B&B\",\"url\":\"https:\/\/www.hotelsardi.it\/de\/\",\"logo\":{\"@type\":\"ImageObject\",\"inLanguage\":\"de\",\"@id\":\"https:\/\/www.hotelsardi.it\/de\/#\/schema\/logo\/image\/\",\"url\":\"https:\/\/www.hotelsardi.it\/wp-content\/uploads\/hotel_sardi_q.png\",\"contentUrl\":\"https:\/\/www.hotelsardi.it\/wp-content\/uploads\/hotel_sardi_q.png\",\"width\":512,\"height\":512,\"caption\":\"Hotel Sardi B&B\"},\"image\":{\"@id\":\"https:\/\/www.hotelsardi.it\/de\/#\/schema\/logo\/image\/\"}}]}<\/script>\n<!-- \/ Yoast SEO plugin. -->","yoast_head_json":{"title":"Sport und Meer - Hotel Sardi B&amp;B - Pomonte, Insel Elba","description":"Die Costa del Sole, insbesondere der Meeresabschnitt zwischen Pomonte und Chiessi, ist ein beliebter Treffpunkt f\u00fcr Windsurfer und Kitesurfer.","robots":{"index":"index","follow":"follow","max-snippet":"max-snippet:-1","max-image-preview":"max-image-preview:large","max-video-preview":"max-video-preview:-1"},"canonical":"https:\/\/www.hotelsardi.it\/de\/gebiet\/natur-und-sport\/sport-und-meer\/","og_locale":"de_DE","og_type":"article","og_title":"Sport und Meer - Hotel Sardi B&amp;B - Pomonte, Insel Elba","og_description":"Die Costa del Sole, insbesondere der Meeresabschnitt zwischen Pomonte und Chiessi, ist ein beliebter Treffpunkt f\u00fcr Windsurfer und Kitesurfer.","og_url":"https:\/\/www.hotelsardi.it\/de\/gebiet\/natur-und-sport\/sport-und-meer\/","og_site_name":"Hotel Sardi B&amp;B","article_modified_time":"2023-07-25T13:34:41+00:00","og_image":[{"width":512,"height":512,"url":"https:\/\/www.hotelsardi.it\/wp-content\/uploads\/hotel_sardi_q.png","type":"image\/png"}],"twitter_card":"summary_large_image","twitter_misc":{"Gesch\u00e4tzte Lesezeit":"1\u00a0Minute"},"schema":{"@context":"https:\/\/schema.org","@graph":[{"@type":"WebPage","@id":"https:\/\/www.hotelsardi.it\/de\/gebiet\/natur-und-sport\/sport-und-meer\/","url":"https:\/\/www.hotelsardi.it\/de\/gebiet\/natur-und-sport\/sport-und-meer\/","name":"Sport und Meer - Hotel Sardi B&amp;B - Pomonte, Insel Elba","isPartOf":{"@id":"https:\/\/www.hotelsardi.it\/de\/#website"},"primaryImageOfPage":{"@id":"https:\/\/www.hotelsardi.it\/de\/gebiet\/natur-und-sport\/sport-und-meer\/#primaryimage"},"image":{"@id":"https:\/\/www.hotelsardi.it\/de\/gebiet\/natur-und-sport\/sport-und-meer\/#primaryimage"},"thumbnailUrl":"https:\/\/www.hotelsardi.it\/wp-content\/uploads\/hotel_sardi_q.png","datePublished":"2023-06-15T07:55:47+00:00","dateModified":"2023-07-25T13:34:41+00:00","description":"Die Costa del Sole, insbesondere der Meeresabschnitt zwischen Pomonte und Chiessi, ist ein beliebter Treffpunkt f\u00fcr Windsurfer und Kitesurfer.","breadcrumb":{"@id":"https:\/\/www.hotelsardi.it\/de\/gebiet\/natur-und-sport\/sport-und-meer\/#breadcrumb"},"inLanguage":"de","potentialAction":[{"@type":"ReadAction","target":["https:\/\/www.hotelsardi.it\/de\/gebiet\/natur-und-sport\/sport-und-meer\/"]}]},{"@type":"ImageObject","inLanguage":"de","@id":"https:\/\/www.hotelsardi.it\/de\/gebiet\/natur-und-sport\/sport-und-meer\/#primaryimage","url":"https:\/\/www.hotelsardi.it\/wp-content\/uploads\/hotel_sardi_q.png","contentUrl":"https:\/\/www.hotelsardi.it\/wp-content\/uploads\/hotel_sardi_q.png","width":512,"height":512},{"@type":"BreadcrumbList","@id":"https:\/\/www.hotelsardi.it\/de\/gebiet\/natur-und-sport\/sport-und-meer\/#breadcrumb","itemListElement":[{"@type":"ListItem","position":1,"name":"Home","item":"https:\/\/www.hotelsardi.it\/de\/"},{"@type":"ListItem","position":2,"name":"Gebiet","item":"https:\/\/www.hotelsardi.it\/de\/gebiet\/"},{"@type":"ListItem","position":3,"name":"Natur und Sport","item":"https:\/\/www.hotelsardi.it\/de\/gebiet\/natur-und-sport\/"},{"@type":"ListItem","position":4,"name":"Sport und Meer"}]},{"@type":"WebSite","@id":"https:\/\/www.hotelsardi.it\/de\/#website","url":"https:\/\/www.hotelsardi.it\/de\/","name":"Hotel Sardi B&B","description":"Pomonte, Insel Elba","publisher":{"@id":"https:\/\/www.hotelsardi.it\/de\/#organization"},"potentialAction":[{"@type":"SearchAction","target":{"@type":"EntryPoint","urlTemplate":"https:\/\/www.hotelsardi.it\/de\/?s={search_term_string}"},"query-input":{"@type":"PropertyValueSpecification","valueRequired":true,"valueName":"search_term_string"}}],"inLanguage":"de"},{"@type":"Organization","@id":"https:\/\/www.hotelsardi.it\/de\/#organization","name":"Hotel Sardi B&B","url":"https:\/\/www.hotelsardi.it\/de\/","logo":{"@type":"ImageObject","inLanguage":"de","@id":"https:\/\/www.hotelsardi.it\/de\/#\/schema\/logo\/image\/","url":"https:\/\/www.hotelsardi.it\/wp-content\/uploads\/hotel_sardi_q.png","contentUrl":"https:\/\/www.hotelsardi.it\/wp-content\/uploads\/hotel_sardi_q.png","width":512,"height":512,"caption":"Hotel Sardi B&B"},"image":{"@id":"https:\/\/www.hotelsardi.it\/de\/#\/schema\/logo\/image\/"}}]}},"_links":{"self":[{"href":"https:\/\/www.hotelsardi.it\/de\/wp-json\/wp\/v2\/pages\/79064","targetHints":{"allow":["GET"]}}],"collection":[{"href":"https:\/\/www.hotelsardi.it\/de\/wp-json\/wp\/v2\/pages"}],"about":[{"href":"https:\/\/www.hotelsardi.it\/de\/wp-json\/wp\/v2\/types\/page"}],"author":[{"embeddable":true,"href":"https:\/\/www.hotelsardi.it\/de\/wp-json\/wp\/v2\/users\/1"}],"replies":[{"embeddable":true,"href":"https:\/\/www.hotelsardi.it\/de\/wp-json\/wp\/v2\/comments?post=79064"}],"version-history":[{"count":7,"href":"https:\/\/www.hotelsardi.it\/de\/wp-json\/wp\/v2\/pages\/79064\/revisions"}],"predecessor-version":[{"id":79415,"href":"https:\/\/www.hotelsardi.it\/de\/wp-json\/wp\/v2\/pages\/79064\/revisions\/79415"}],"up":[{"embeddable":true,"href":"https:\/\/www.hotelsardi.it\/de\/wp-json\/wp\/v2\/pages\/79006"}],"wp:featuredmedia":[{"embeddable":true,"href":"https:\/\/www.hotelsardi.it\/de\/wp-json\/wp\/v2\/media\/78112"}],"wp:attachment":[{"href":"https:\/\/www.hotelsardi.it\/de\/wp-json\/wp\/v2\/media?parent=79064"}],"curies":[{"name":"wp","href":"https:\/\/api.w.org\/{rel}","templated":true}]}}