{"id":79146,"date":"2023-06-20T10:54:32","date_gmt":"2023-06-20T08:54:32","guid":{"rendered":"https:\/\/www.hotelsardi.it\/?page_id=79146"},"modified":"2023-07-25T15:38:21","modified_gmt":"2023-07-25T13:38:21","slug":"costa-del-sole","status":"publish","type":"page","link":"https:\/\/www.hotelsardi.it\/de\/gebiet\/insel-elba\/costa-del-sole\/","title":{"rendered":"Costa del Sole"},"content":{"rendered":"\t\t<div data-elementor-type=\"wp-page\" data-elementor-id=\"79146\" class=\"elementor elementor-79146 elementor-76005\">\n\t\t\t\t\t\t<section class=\"elementor-section elementor-top-section elementor-element elementor-element-51c17ad elementor-section-height-min-height elementor-section-boxed elementor-section-height-default elementor-section-items-middle elementor-invisible\" data-id=\"51c17ad\" data-element_type=\"section\" data-e-type=\"section\" data-settings=\"{&quot;background_background&quot;:&quot;classic&quot;,&quot;animation&quot;:&quot;fadeIn&quot;}\">\n\t\t\t\t\t\t\t<div class=\"elementor-background-overlay\"><\/div>\n\t\t\t\t\t\t\t<div class=\"elementor-container elementor-column-gap-default\">\n\t\t\t\t\t<div class=\" elementor-column elementor-col-100 elementor-top-column elementor-element elementor-element-51a4d3d\" data-fullscreen-column-settings=\"{&quot;fullscreen&quot;:&quot;&quot;}\" data-id=\"51a4d3d\" data-element_type=\"column\" data-e-type=\"column\">\n\t\t\t<div class=\"elementor-widget-wrap elementor-element-populated\">\n\t\t\t\t\t\t<div class=\"elementor-element elementor-element-2dadadf elementor-widget elementor-widget-slider_revolution\" data-id=\"2dadadf\" data-element_type=\"widget\" data-e-type=\"widget\" data-widget_type=\"slider_revolution.default\">\n\t\t\t\t<div class=\"elementor-widget-container\">\n\t\t\t\t\t\n\t\t<div class=\"wp-block-themepunch-revslider\">\n\t\t\t<!-- START Pag. Costa del Sole REVOLUTION SLIDER 6.6.7 --><p class=\"rs-p-wp-fix\"><\/p>\n\t\t\t<rs-module-wrap id=\"rev_slider_16_1_wrapper\" data-source=\"gallery\" style=\"visibility:hidden;background:transparent;padding:0px;margin:0px auto;margin-top:0;margin-bottom:0;\">\n\t\t\t\t<rs-module id=\"rev_slider_16_1\" style=\"\" data-version=\"6.6.7\">\n\t\t\t\t\t<rs-slides style=\"overflow: hidden; position: absolute;\">\n\t\t\t\t\t\t<rs-slide style=\"position: absolute;\" data-key=\"rs-40\" data-title=\"One\" data-thumb=\"\/\/www.hotelsardi.it\/wp-content\/uploads\/header_pag_costadelsole_2-50x100.jpg\" data-anim=\"ms:2000ms;\" data-in=\"o:0;sx:1.2;sy:1.2;e:power4.inOut;\" data-out=\"o:0;e:power4.inOut;\">\n\t\t\t\t\t\t\t<img fetchpriority=\"high\" decoding=\"async\" src=\"\/\/www.hotelsardi.it\/wp-content\/plugins\/revslider\/public\/assets\/assets\/dummy.png\" alt=\"Costa del Sole\" title=\"Costa del Sole\" width=\"1920\" height=\"500\" class=\"rev-slidebg tp-rs-img rs-lazyload\" data-lazyload=\"\/\/www.hotelsardi.it\/wp-content\/uploads\/header_pag_costadelsole_2.jpg\" data-bg=\"f:100% 100%;\" data-no-retina>\n<!---->\t\t\t\t\t\t<\/rs-slide>\n\t\t\t\t\t\t<rs-slide style=\"position: absolute;\" data-key=\"rs-38\" data-title=\"One\" data-thumb=\"\/\/www.hotelsardi.it\/wp-content\/uploads\/header_pag_costadelsole_3-50x100.jpg\" data-anim=\"ms:2000ms;\" data-in=\"o:0;sx:1.2;sy:1.2;e:power4.inOut;\" data-out=\"o:0;e:power4.inOut;\">\n\t\t\t\t\t\t\t<img decoding=\"async\" src=\"\/\/www.hotelsardi.it\/wp-content\/plugins\/revslider\/public\/assets\/assets\/dummy.png\" alt=\"Costa del Sole\" title=\"Costa del Sole\" width=\"1920\" height=\"500\" class=\"rev-slidebg tp-rs-img rs-lazyload\" data-lazyload=\"\/\/www.hotelsardi.it\/wp-content\/uploads\/header_pag_costadelsole_3.jpg\" data-bg=\"f:100% 100%;\" data-no-retina>\n<!---->\t\t\t\t\t\t<\/rs-slide>\n\t\t\t\t\t\t<rs-slide style=\"position: absolute;\" data-key=\"rs-39\" data-title=\"One\" data-thumb=\"\/\/www.hotelsardi.it\/wp-content\/uploads\/header_pag_costadelsole-50x100.jpg\" data-anim=\"ms:2000ms;\" data-in=\"o:0;sx:1.2;sy:1.2;e:power4.inOut;\" data-out=\"o:0;e:power4.inOut;\">\n\t\t\t\t\t\t\t<img decoding=\"async\" src=\"\/\/www.hotelsardi.it\/wp-content\/plugins\/revslider\/public\/assets\/assets\/dummy.png\" alt=\"Costa del Sole\" title=\"Costa del Sole\" width=\"1920\" height=\"500\" class=\"rev-slidebg tp-rs-img rs-lazyload\" data-lazyload=\"\/\/www.hotelsardi.it\/wp-content\/uploads\/header_pag_costadelsole.jpg\" data-bg=\"f:100% 100%;\" data-no-retina>\n<!---->\t\t\t\t\t\t<\/rs-slide>\n\t\t\t\t\t<\/rs-slides>\n\t\t\t\t\t<rs-static-layers><!--\n\n\t\t\t\t\t\t\t--><rs-layer\n\t\t\t\t\t\t\t\tid=\"slider-16-slide-16-layer-1\" \n\t\t\t\t\t\t\t\tclass=\"rs-layer-static\"\n\t\t\t\t\t\t\t\tdata-type=\"shape\"\n\t\t\t\t\t\t\t\tdata-rsp_ch=\"on\"\n\t\t\t\t\t\t\t\tdata-text=\"w:normal;s:20,16,12,7;l:0,20,15,9;\"\n\t\t\t\t\t\t\t\tdata-dim=\"w:100%;h:100%;\"\n\t\t\t\t\t\t\t\tdata-basealign=\"slide\"\n\t\t\t\t\t\t\t\tdata-onslides=\"s:1;\"\n\t\t\t\t\t\t\t\tdata-frame_999=\"o:0;st:w;\"\n\t\t\t\t\t\t\t\tstyle=\"z-index:5;background:linear-gradient(360deg, rgba(38,43,53,0) 75%, rgba(38,43,53,0.8) 100%);\"\n\t\t\t\t\t\t\t> \n\t\t\t\t\t\t\t<\/rs-layer><!--\n\t\t\t\t\t--><\/rs-static-layers>\n\t\t\t\t<\/rs-module>\n\t\t\t\t<script>\n\t\t\t\t\tsetREVStartSize({c: 'rev_slider_16_1',rl:[1240,1024,778,480],el:[500,768,960,720],gw:[1240,1024,778,480],gh:[500,400,300,200],type:'standard',justify:'',layout:'fullwidth',mh:\"0\"});if (window.RS_MODULES!==undefined && window.RS_MODULES.modules!==undefined && window.RS_MODULES.modules[\"revslider161\"]!==undefined) {window.RS_MODULES.modules[\"revslider161\"].once = false;window.revapi16 = undefined;if (window.RS_MODULES.checkMinimal!==undefined) window.RS_MODULES.checkMinimal()}\n\t\t\t\t<\/script>\n\t\t\t<\/rs-module-wrap>\n\t\t\t<!-- END REVOLUTION SLIDER -->\n<\/div>\n\n\t\t\t\t\t\t<\/div>\n\t\t\t\t<\/div>\n\t\t\t\t\t<\/div>\n\t\t<\/div>\n\t\t\t\t\t<\/div>\n\t\t<\/section>\n\t\t\t\t<section class=\"elementor-section elementor-top-section elementor-element elementor-element-7686835 elementor-section-boxed elementor-section-height-default elementor-section-height-default\" data-id=\"7686835\" data-element_type=\"section\" data-e-type=\"section\" data-settings=\"{&quot;background_background&quot;:&quot;classic&quot;}\">\n\t\t\t\t\t\t<div class=\"elementor-container elementor-column-gap-default\">\n\t\t\t\t\t<div class=\" elementor-column elementor-col-100 elementor-top-column elementor-element elementor-element-bc82df8\" data-fullscreen-column-settings=\"{&quot;fullscreen&quot;:&quot;&quot;}\" data-id=\"bc82df8\" data-element_type=\"column\" data-e-type=\"column\">\n\t\t\t<div class=\"elementor-widget-wrap elementor-element-populated\">\n\t\t\t\t\t\t<section class=\"elementor-section elementor-inner-section elementor-element elementor-element-460445b elementor-section-boxed elementor-section-height-default elementor-section-height-default elementor-invisible\" data-id=\"460445b\" data-element_type=\"section\" data-e-type=\"section\" data-settings=\"{&quot;animation&quot;:&quot;fadeInDown&quot;,&quot;animation_delay&quot;:200}\">\n\t\t\t\t\t\t<div class=\"elementor-container elementor-column-gap-default\">\n\t\t\t\t\t<div class=\" elementor-column elementor-col-100 elementor-inner-column elementor-element elementor-element-3fd7977 hvr-float-3px\" data-fullscreen-column-settings=\"{&quot;fullscreen&quot;:&quot;&quot;}\" data-id=\"3fd7977\" data-element_type=\"column\" data-e-type=\"column\" data-settings=\"{&quot;background_background&quot;:&quot;classic&quot;}\">\n\t\t\t<div class=\"elementor-widget-wrap elementor-element-populated\">\n\t\t\t\t\t\t<div class=\"elementor-element elementor-element-ba88c71 elementor-widget elementor-widget-html\" data-id=\"ba88c71\" data-element_type=\"widget\" data-e-type=\"widget\" data-widget_type=\"html.default\">\n\t\t\t\t<div class=\"elementor-widget-container\">\n\t\t\t\t\t<script charset=\"UTF-8\" defer src=\"https:\/\/cdn.beddy.io\/bol-v2\/prod\/beddy-bar-web-component.js\"><\/script><beddy-bar lang=\"de\" widgetcode=\"2cd12dd5394c8\"><\/beddy-bar>\t\t\t\t<\/div>\n\t\t\t\t<\/div>\n\t\t\t\t<div class=\"elementor-element elementor-element-54068cef elementor-widget__width-auto elementor-absolute e-transform elementor-invisible elementor-widget elementor-widget-text-editor\" data-id=\"54068cef\" data-element_type=\"widget\" data-e-type=\"widget\" data-settings=\"{&quot;_position&quot;:&quot;absolute&quot;,&quot;_animation&quot;:&quot;rollIn&quot;,&quot;_animation_delay&quot;:1600,&quot;_transform_rotateZ_effect&quot;:{&quot;unit&quot;:&quot;px&quot;,&quot;size&quot;:-20,&quot;sizes&quot;:[]},&quot;_transform_rotateZ_effect_tablet&quot;:{&quot;unit&quot;:&quot;deg&quot;,&quot;size&quot;:&quot;&quot;,&quot;sizes&quot;:[]},&quot;_transform_rotateZ_effect_mobile&quot;:{&quot;unit&quot;:&quot;deg&quot;,&quot;size&quot;:&quot;&quot;,&quot;sizes&quot;:[]}}\" data-widget_type=\"text-editor.default\">\n\t\t\t\t<div class=\"elementor-widget-container\">\n\t\t\t\t\t\t\t\t\tBest Price<br \/>\nGuarantee\t\t\t\t\t\t\t\t<\/div>\n\t\t\t\t<\/div>\n\t\t\t\t\t<\/div>\n\t\t<\/div>\n\t\t\t\t\t<\/div>\n\t\t<\/section>\n\t\t\t\t<section class=\"elementor-section elementor-inner-section elementor-element elementor-element-e0cad78 elementor-section-boxed elementor-section-height-default elementor-section-height-default\" data-id=\"e0cad78\" data-element_type=\"section\" data-e-type=\"section\">\n\t\t\t\t\t\t<div class=\"elementor-container elementor-column-gap-default\">\n\t\t\t\t\t<div class=\" elementor-column elementor-col-100 elementor-inner-column elementor-element elementor-element-5725ede elementor-invisible\" data-fullscreen-column-settings=\"{&quot;fullscreen&quot;:&quot;&quot;}\" data-id=\"5725ede\" data-element_type=\"column\" data-e-type=\"column\" data-settings=\"{&quot;animation&quot;:&quot;fadeIn&quot;}\">\n\t\t\t<div class=\"elementor-widget-wrap elementor-element-populated\">\n\t\t\t\t\t\t<div class=\"elementor-element elementor-element-79c219a elementor-widget elementor-widget-litho-heading\" data-id=\"79c219a\" data-element_type=\"widget\" data-e-type=\"widget\" data-widget_type=\"litho-heading.default\">\n\t\t\t\t<div class=\"elementor-widget-container\">\n\t\t\t\t\t<h5 class=\"litho-heading elementor-size-default\"><span class=\"litho-primary-title\">Costa del Sole<\/span><\/h5>\t\t\t\t<\/div>\n\t\t\t\t<\/div>\n\t\t\t\t<div class=\"elementor-element elementor-element-1233b8b4 elementor-widget__width-initial elementor-widget-tablet__width-inherit elementor-widget elementor-widget-text-editor\" data-id=\"1233b8b4\" data-element_type=\"widget\" data-e-type=\"widget\" data-widget_type=\"text-editor.default\">\n\t\t\t\t<div class=\"elementor-widget-container\">\n\t\t\t\t\t\t\t\t\t<p><img loading=\"lazy\" decoding=\"async\" class=\"alignright size-medium wp-image-77764\" src=\"https:\/\/www.hotelsardi.it\/wp-content\/uploads\/logo_costa_del_sole-300x201.png\" alt=\"Costa del Sole\" width=\"300\" height=\"201\" srcset=\"https:\/\/www.hotelsardi.it\/wp-content\/uploads\/logo_costa_del_sole-300x201.png 300w, https:\/\/www.hotelsardi.it\/wp-content\/uploads\/logo_costa_del_sole-200x134.png 200w, https:\/\/www.hotelsardi.it\/wp-content\/uploads\/logo_costa_del_sole.png 400w\" sizes=\"(max-width: 300px) 100vw, 300px\" \/>Die <b>Zehn Kilometer Stra\u00dfe mit Panoramablick<\/b>&nbsp;auf die Inseln des toskanischen Archipels und Korsika l\u00e4uft durch die gesamte&nbsp;Costa del Sole,&nbsp;wo man sch\u00f6ne Buchten mit ausgestatteten Sandstr\u00e4nden und Felsen zum baden findet. Es gibt viele versteckte Str\u00e4nde, welche nur auf dem Seeweg zu erreichen sind.<br><span style=\"color: var( --e-global-color-text ); font-family: var( --e-global-typography-text-font-family ), Sans-serif; font-size: var( --e-global-typography-text-font-size ); font-weight: var( --e-global-typography-text-font-weight ); background-color: var( --e-global-color-1645d17 );\">Die&nbsp;<\/span><span style=\"color: var( --e-global-color-text ); font-family: var( --e-global-typography-text-font-family ), Sans-serif; font-size: var( --e-global-typography-text-font-size ); background-color: var( --e-global-color-1645d17 );\"><b>Costa del Sole<\/b><\/span><span style=\"color: var( --e-global-color-text ); font-family: var( --e-global-typography-text-font-family ), Sans-serif; font-size: var( --e-global-typography-text-font-size ); font-weight: var( --e-global-typography-text-font-weight ); background-color: var( --e-global-color-1645d17 );\">&nbsp;besteht zu einem grossen Teil aus Granit und metamorphen Gesteinen. Die Vegetation besteht aus Buschland von Zistrosen, Rosmarin, Lavendel, Strohblumen, Ginster und den typischen mediterranen Weinreben.<\/span><\/p>\n<p>Kleine B\u00e4che laufen durch die beiden Perlen&nbsp;<b>Pomonte und Chiessi<\/b>, kleine Fischerd\u00f6rfer, wo es noch die B\u00e4uerliche Tradition von Elba gibt.<\/p>\n<p>Der <b>Verein Costa del Sole<\/b>&nbsp;wurde 1998 gegr\u00fcndet, um den S\u00fcdwestlichen K\u00fcstenstreifen der Insel Elba, welcher die D\u00f6rfer Pomonte, Chiessi, Colle d\u2019Orano, Seccheto, Fetovaia und Cavoli verbindet, zu verbessern. Hier gibt es etwa 20 familiengef\u00fchrte Unternehmen.<br><span style=\"color: var( --e-global-color-text ); font-family: var( --e-global-typography-text-font-family ), Sans-serif; font-size: var( --e-global-typography-text-font-size ); font-weight: var( --e-global-typography-text-font-weight ); background-color: var( --e-global-color-1645d17 );\">Dies ist der bekannteste und von Touristen, die die Insel besuchen, am meisten gesch\u00e4tzte K\u00fcstenstreifen, ein \u00e4u\u00dferst empfindlicher Lebensraum, der f\u00fcr zuk\u00fcnftige Generationen gesch\u00e4tzt und gesch\u00fctzt werden muss.<br><\/span><span style=\"color: var( --e-global-color-text ); font-family: var( --e-global-typography-text-font-family ), Sans-serif; font-size: var( --e-global-typography-text-font-size ); font-weight: var( --e-global-typography-text-font-weight ); background-color: var( --e-global-color-1645d17 );\">Die Organisation setzt sich f\u00fcr die Entwicklung eines umweltfreundlichen Tourismus ein. Sie f\u00f6rdern die Wiederentdeckung der l\u00e4ndlichen Traditionen und die Verbesserung des historischen, kulturellen und k\u00fcnstlerischen Aktivit\u00e4ten eines einzigartigen K\u00fcstenabschnittes, welcher daf\u00fcr gewahrt und gesch\u00fctzt werden muss.<\/span><\/p>\t\t\t\t\t\t\t\t<\/div>\n\t\t\t\t<\/div>\n\t\t\t\t\t<\/div>\n\t\t<\/div>\n\t\t\t\t\t<\/div>\n\t\t<\/section>\n\t\t\t\t\t<\/div>\n\t\t<\/div>\n\t\t\t\t\t<\/div>\n\t\t<\/section>\n\t\t\t\t<section class=\"elementor-section elementor-top-section elementor-element elementor-element-6096d234 elementor-section-boxed elementor-section-height-default elementor-section-height-default elementor-invisible\" data-id=\"6096d234\" data-element_type=\"section\" data-e-type=\"section\" data-settings=\"{&quot;animation&quot;:&quot;fadeIn&quot;}\">\n\t\t\t\t\t\t<div class=\"elementor-container elementor-column-gap-default\">\n\t\t\t\t\t<div class=\" elementor-column elementor-col-100 elementor-top-column elementor-element elementor-element-29114492\" data-fullscreen-column-settings=\"{&quot;fullscreen&quot;:&quot;&quot;}\" data-id=\"29114492\" data-element_type=\"column\" data-e-type=\"column\">\n\t\t\t<div class=\"elementor-widget-wrap elementor-element-populated\">\n\t\t\t\t\t\t<div class=\"elementor-element elementor-element-a294862 elementor-widget elementor-widget-video\" data-id=\"a294862\" data-element_type=\"widget\" data-e-type=\"widget\" data-settings=\"{&quot;youtube_url&quot;:&quot;https:\\\/\\\/www.youtube.com\\\/watch?v=mRHl-hlHjCQ&quot;,&quot;video_type&quot;:&quot;youtube&quot;,&quot;controls&quot;:&quot;yes&quot;}\" data-widget_type=\"video.default\">\n\t\t\t\t<div class=\"elementor-widget-container\">\n\t\t\t\t\t\t\t<div class=\"elementor-wrapper elementor-open-inline\">\n\t\t\t<div class=\"elementor-video\"><\/div>\t\t<\/div>\n\t\t\t\t\t\t<\/div>\n\t\t\t\t<\/div>\n\t\t\t\t\t<\/div>\n\t\t<\/div>\n\t\t\t\t\t<\/div>\n\t\t<\/section>\n\t\t\t\t<\/div>\n\t\t","protected":false},"excerpt":{"rendered":"<p>Best Price Guarantee Costa del Sole Die Zehn Kilometer Stra\u00dfe mit Panoramablick&nbsp;auf die Inseln des toskanischen Archipels und Korsika l\u00e4uft durch die gesamte&nbsp;Costa del Sole,&nbsp;wo man sch\u00f6ne Buchten mit ausgestatteten Sandstr\u00e4nden und Felsen zum baden findet. Es gibt viele versteckte Str\u00e4nde, welche nur auf dem Seeweg zu erreichen sind.Die&nbsp;Costa del Sole&nbsp;besteht zu einem grossen Teil [&hellip;]<\/p>\n","protected":false},"author":1,"featured_media":78112,"parent":79086,"menu_order":2,"comment_status":"closed","ping_status":"closed","template":"","meta":{"_joinchat":[],"footnotes":""},"class_list":["post-79146","page","type-page","status-publish","has-post-thumbnail","hentry"],"yoast_head":"<!-- This site is optimized with the Yoast SEO plugin v27.1.1 - https:\/\/yoast.com\/product\/yoast-seo-wordpress\/ -->\n<title>Costa del Sole - Hotel Sardi B&amp;B - Pomonte, Insel Elba<\/title>\n<meta name=\"description\" content=\"Die Zehn Kilometer Stra\u00dfe mit Panoramablick\u00a0auf die Inseln des toskanischen Archipels und Korsika l\u00e4uft durch die gesamte\u00a0Costa del Sole.\" \/>\n<meta name=\"robots\" content=\"index, follow, max-snippet:-1, max-image-preview:large, max-video-preview:-1\" \/>\n<link rel=\"canonical\" href=\"https:\/\/www.hotelsardi.it\/de\/gebiet\/insel-elba\/costa-del-sole\/\" \/>\n<meta property=\"og:locale\" content=\"de_DE\" \/>\n<meta property=\"og:type\" content=\"article\" \/>\n<meta property=\"og:title\" content=\"Costa del Sole - Hotel Sardi B&amp;B - Pomonte, Insel Elba\" \/>\n<meta property=\"og:description\" content=\"Die Zehn Kilometer Stra\u00dfe mit Panoramablick\u00a0auf die Inseln des toskanischen Archipels und Korsika l\u00e4uft durch die gesamte\u00a0Costa del Sole.\" \/>\n<meta property=\"og:url\" content=\"https:\/\/www.hotelsardi.it\/de\/gebiet\/insel-elba\/costa-del-sole\/\" \/>\n<meta property=\"og:site_name\" content=\"Hotel Sardi B&amp;B\" \/>\n<meta property=\"article:modified_time\" content=\"2023-07-25T13:38:21+00:00\" \/>\n<meta property=\"og:image\" content=\"https:\/\/www.hotelsardi.it\/wp-content\/uploads\/hotel_sardi_q.png\" \/>\n\t<meta property=\"og:image:width\" content=\"512\" \/>\n\t<meta property=\"og:image:height\" content=\"512\" \/>\n\t<meta property=\"og:image:type\" content=\"image\/png\" \/>\n<meta name=\"twitter:card\" content=\"summary_large_image\" \/>\n<meta name=\"twitter:label1\" content=\"Gesch\u00e4tzte Lesezeit\" \/>\n\t<meta name=\"twitter:data1\" content=\"1\u00a0Minute\" \/>\n<script type=\"application\/ld+json\" class=\"yoast-schema-graph\">{\"@context\":\"https:\/\/schema.org\",\"@graph\":[{\"@type\":\"WebPage\",\"@id\":\"https:\/\/www.hotelsardi.it\/de\/gebiet\/insel-elba\/costa-del-sole\/\",\"url\":\"https:\/\/www.hotelsardi.it\/de\/gebiet\/insel-elba\/costa-del-sole\/\",\"name\":\"Costa del Sole - Hotel Sardi B&amp;B - Pomonte, Insel Elba\",\"isPartOf\":{\"@id\":\"https:\/\/www.hotelsardi.it\/de\/#website\"},\"primaryImageOfPage\":{\"@id\":\"https:\/\/www.hotelsardi.it\/de\/gebiet\/insel-elba\/costa-del-sole\/#primaryimage\"},\"image\":{\"@id\":\"https:\/\/www.hotelsardi.it\/de\/gebiet\/insel-elba\/costa-del-sole\/#primaryimage\"},\"thumbnailUrl\":\"https:\/\/www.hotelsardi.it\/wp-content\/uploads\/hotel_sardi_q.png\",\"datePublished\":\"2023-06-20T08:54:32+00:00\",\"dateModified\":\"2023-07-25T13:38:21+00:00\",\"description\":\"Die Zehn Kilometer Stra\u00dfe mit Panoramablick\u00a0auf die Inseln des toskanischen Archipels und Korsika l\u00e4uft durch die gesamte\u00a0Costa del Sole.\",\"breadcrumb\":{\"@id\":\"https:\/\/www.hotelsardi.it\/de\/gebiet\/insel-elba\/costa-del-sole\/#breadcrumb\"},\"inLanguage\":\"de\",\"potentialAction\":[{\"@type\":\"ReadAction\",\"target\":[\"https:\/\/www.hotelsardi.it\/de\/gebiet\/insel-elba\/costa-del-sole\/\"]}]},{\"@type\":\"ImageObject\",\"inLanguage\":\"de\",\"@id\":\"https:\/\/www.hotelsardi.it\/de\/gebiet\/insel-elba\/costa-del-sole\/#primaryimage\",\"url\":\"https:\/\/www.hotelsardi.it\/wp-content\/uploads\/hotel_sardi_q.png\",\"contentUrl\":\"https:\/\/www.hotelsardi.it\/wp-content\/uploads\/hotel_sardi_q.png\",\"width\":512,\"height\":512},{\"@type\":\"BreadcrumbList\",\"@id\":\"https:\/\/www.hotelsardi.it\/de\/gebiet\/insel-elba\/costa-del-sole\/#breadcrumb\",\"itemListElement\":[{\"@type\":\"ListItem\",\"position\":1,\"name\":\"Home\",\"item\":\"https:\/\/www.hotelsardi.it\/de\/\"},{\"@type\":\"ListItem\",\"position\":2,\"name\":\"Gebiet\",\"item\":\"https:\/\/www.hotelsardi.it\/de\/gebiet\/\"},{\"@type\":\"ListItem\",\"position\":3,\"name\":\"Insel Elba\",\"item\":\"https:\/\/www.hotelsardi.it\/de\/gebiet\/insel-elba\/\"},{\"@type\":\"ListItem\",\"position\":4,\"name\":\"Costa del Sole\"}]},{\"@type\":\"WebSite\",\"@id\":\"https:\/\/www.hotelsardi.it\/de\/#website\",\"url\":\"https:\/\/www.hotelsardi.it\/de\/\",\"name\":\"Hotel Sardi B&B\",\"description\":\"Pomonte, Insel Elba\",\"publisher\":{\"@id\":\"https:\/\/www.hotelsardi.it\/de\/#organization\"},\"potentialAction\":[{\"@type\":\"SearchAction\",\"target\":{\"@type\":\"EntryPoint\",\"urlTemplate\":\"https:\/\/www.hotelsardi.it\/de\/?s={search_term_string}\"},\"query-input\":{\"@type\":\"PropertyValueSpecification\",\"valueRequired\":true,\"valueName\":\"search_term_string\"}}],\"inLanguage\":\"de\"},{\"@type\":\"Organization\",\"@id\":\"https:\/\/www.hotelsardi.it\/de\/#organization\",\"name\":\"Hotel Sardi B&B\",\"url\":\"https:\/\/www.hotelsardi.it\/de\/\",\"logo\":{\"@type\":\"ImageObject\",\"inLanguage\":\"de\",\"@id\":\"https:\/\/www.hotelsardi.it\/de\/#\/schema\/logo\/image\/\",\"url\":\"https:\/\/www.hotelsardi.it\/wp-content\/uploads\/hotel_sardi_q.png\",\"contentUrl\":\"https:\/\/www.hotelsardi.it\/wp-content\/uploads\/hotel_sardi_q.png\",\"width\":512,\"height\":512,\"caption\":\"Hotel Sardi B&B\"},\"image\":{\"@id\":\"https:\/\/www.hotelsardi.it\/de\/#\/schema\/logo\/image\/\"}}]}<\/script>\n<!-- \/ Yoast SEO plugin. -->","yoast_head_json":{"title":"Costa del Sole - Hotel Sardi B&amp;B - Pomonte, Insel Elba","description":"Die Zehn Kilometer Stra\u00dfe mit Panoramablick\u00a0auf die Inseln des toskanischen Archipels und Korsika l\u00e4uft durch die gesamte\u00a0Costa del Sole.","robots":{"index":"index","follow":"follow","max-snippet":"max-snippet:-1","max-image-preview":"max-image-preview:large","max-video-preview":"max-video-preview:-1"},"canonical":"https:\/\/www.hotelsardi.it\/de\/gebiet\/insel-elba\/costa-del-sole\/","og_locale":"de_DE","og_type":"article","og_title":"Costa del Sole - Hotel Sardi B&amp;B - Pomonte, Insel Elba","og_description":"Die Zehn Kilometer Stra\u00dfe mit Panoramablick\u00a0auf die Inseln des toskanischen Archipels und Korsika l\u00e4uft durch die gesamte\u00a0Costa del Sole.","og_url":"https:\/\/www.hotelsardi.it\/de\/gebiet\/insel-elba\/costa-del-sole\/","og_site_name":"Hotel Sardi B&amp;B","article_modified_time":"2023-07-25T13:38:21+00:00","og_image":[{"width":512,"height":512,"url":"https:\/\/www.hotelsardi.it\/wp-content\/uploads\/hotel_sardi_q.png","type":"image\/png"}],"twitter_card":"summary_large_image","twitter_misc":{"Gesch\u00e4tzte Lesezeit":"1\u00a0Minute"},"schema":{"@context":"https:\/\/schema.org","@graph":[{"@type":"WebPage","@id":"https:\/\/www.hotelsardi.it\/de\/gebiet\/insel-elba\/costa-del-sole\/","url":"https:\/\/www.hotelsardi.it\/de\/gebiet\/insel-elba\/costa-del-sole\/","name":"Costa del Sole - Hotel Sardi B&amp;B - Pomonte, Insel Elba","isPartOf":{"@id":"https:\/\/www.hotelsardi.it\/de\/#website"},"primaryImageOfPage":{"@id":"https:\/\/www.hotelsardi.it\/de\/gebiet\/insel-elba\/costa-del-sole\/#primaryimage"},"image":{"@id":"https:\/\/www.hotelsardi.it\/de\/gebiet\/insel-elba\/costa-del-sole\/#primaryimage"},"thumbnailUrl":"https:\/\/www.hotelsardi.it\/wp-content\/uploads\/hotel_sardi_q.png","datePublished":"2023-06-20T08:54:32+00:00","dateModified":"2023-07-25T13:38:21+00:00","description":"Die Zehn Kilometer Stra\u00dfe mit Panoramablick\u00a0auf die Inseln des toskanischen Archipels und Korsika l\u00e4uft durch die gesamte\u00a0Costa del Sole.","breadcrumb":{"@id":"https:\/\/www.hotelsardi.it\/de\/gebiet\/insel-elba\/costa-del-sole\/#breadcrumb"},"inLanguage":"de","potentialAction":[{"@type":"ReadAction","target":["https:\/\/www.hotelsardi.it\/de\/gebiet\/insel-elba\/costa-del-sole\/"]}]},{"@type":"ImageObject","inLanguage":"de","@id":"https:\/\/www.hotelsardi.it\/de\/gebiet\/insel-elba\/costa-del-sole\/#primaryimage","url":"https:\/\/www.hotelsardi.it\/wp-content\/uploads\/hotel_sardi_q.png","contentUrl":"https:\/\/www.hotelsardi.it\/wp-content\/uploads\/hotel_sardi_q.png","width":512,"height":512},{"@type":"BreadcrumbList","@id":"https:\/\/www.hotelsardi.it\/de\/gebiet\/insel-elba\/costa-del-sole\/#breadcrumb","itemListElement":[{"@type":"ListItem","position":1,"name":"Home","item":"https:\/\/www.hotelsardi.it\/de\/"},{"@type":"ListItem","position":2,"name":"Gebiet","item":"https:\/\/www.hotelsardi.it\/de\/gebiet\/"},{"@type":"ListItem","position":3,"name":"Insel Elba","item":"https:\/\/www.hotelsardi.it\/de\/gebiet\/insel-elba\/"},{"@type":"ListItem","position":4,"name":"Costa del Sole"}]},{"@type":"WebSite","@id":"https:\/\/www.hotelsardi.it\/de\/#website","url":"https:\/\/www.hotelsardi.it\/de\/","name":"Hotel Sardi B&B","description":"Pomonte, Insel Elba","publisher":{"@id":"https:\/\/www.hotelsardi.it\/de\/#organization"},"potentialAction":[{"@type":"SearchAction","target":{"@type":"EntryPoint","urlTemplate":"https:\/\/www.hotelsardi.it\/de\/?s={search_term_string}"},"query-input":{"@type":"PropertyValueSpecification","valueRequired":true,"valueName":"search_term_string"}}],"inLanguage":"de"},{"@type":"Organization","@id":"https:\/\/www.hotelsardi.it\/de\/#organization","name":"Hotel Sardi B&B","url":"https:\/\/www.hotelsardi.it\/de\/","logo":{"@type":"ImageObject","inLanguage":"de","@id":"https:\/\/www.hotelsardi.it\/de\/#\/schema\/logo\/image\/","url":"https:\/\/www.hotelsardi.it\/wp-content\/uploads\/hotel_sardi_q.png","contentUrl":"https:\/\/www.hotelsardi.it\/wp-content\/uploads\/hotel_sardi_q.png","width":512,"height":512,"caption":"Hotel Sardi B&B"},"image":{"@id":"https:\/\/www.hotelsardi.it\/de\/#\/schema\/logo\/image\/"}}]}},"_links":{"self":[{"href":"https:\/\/www.hotelsardi.it\/de\/wp-json\/wp\/v2\/pages\/79146","targetHints":{"allow":["GET"]}}],"collection":[{"href":"https:\/\/www.hotelsardi.it\/de\/wp-json\/wp\/v2\/pages"}],"about":[{"href":"https:\/\/www.hotelsardi.it\/de\/wp-json\/wp\/v2\/types\/page"}],"author":[{"embeddable":true,"href":"https:\/\/www.hotelsardi.it\/de\/wp-json\/wp\/v2\/users\/1"}],"replies":[{"embeddable":true,"href":"https:\/\/www.hotelsardi.it\/de\/wp-json\/wp\/v2\/comments?post=79146"}],"version-history":[{"count":10,"href":"https:\/\/www.hotelsardi.it\/de\/wp-json\/wp\/v2\/pages\/79146\/revisions"}],"predecessor-version":[{"id":79436,"href":"https:\/\/www.hotelsardi.it\/de\/wp-json\/wp\/v2\/pages\/79146\/revisions\/79436"}],"up":[{"embeddable":true,"href":"https:\/\/www.hotelsardi.it\/de\/wp-json\/wp\/v2\/pages\/79086"}],"wp:featuredmedia":[{"embeddable":true,"href":"https:\/\/www.hotelsardi.it\/de\/wp-json\/wp\/v2\/media\/78112"}],"wp:attachment":[{"href":"https:\/\/www.hotelsardi.it\/de\/wp-json\/wp\/v2\/media?parent=79146"}],"curies":[{"name":"wp","href":"https:\/\/api.w.org\/{rel}","templated":true}]}}