{"id":79219,"date":"2023-07-12T12:52:27","date_gmt":"2023-07-12T10:52:27","guid":{"rendered":"https:\/\/www.hotelsardi.it\/angebote\/noleggio-auto-scooter-bici\/"},"modified":"2023-07-25T15:40:48","modified_gmt":"2023-07-25T13:40:48","slug":"auto-scooter-fahrrad-vermietung","status":"publish","type":"page","link":"https:\/\/www.hotelsardi.it\/de\/angebote\/auto-scooter-fahrrad-vermietung\/","title":{"rendered":"Auto\/Scooter\/Fahrrad Vermietung"},"content":{"rendered":"\t\t<div data-elementor-type=\"wp-page\" data-elementor-id=\"79219\" class=\"elementor elementor-79219 elementor-77586\">\n\t\t\t\t\t\t<section class=\"elementor-section elementor-top-section elementor-element elementor-element-51c17ad elementor-section-height-min-height elementor-section-boxed elementor-section-height-default elementor-section-items-middle elementor-invisible\" data-id=\"51c17ad\" data-element_type=\"section\" data-e-type=\"section\" data-settings=\"{&quot;background_background&quot;:&quot;classic&quot;,&quot;animation&quot;:&quot;fadeIn&quot;}\">\n\t\t\t\t\t\t\t<div class=\"elementor-background-overlay\"><\/div>\n\t\t\t\t\t\t\t<div class=\"elementor-container elementor-column-gap-default\">\n\t\t\t\t\t<div class=\" elementor-column elementor-col-100 elementor-top-column elementor-element elementor-element-51a4d3d\" data-fullscreen-column-settings=\"{&quot;fullscreen&quot;:&quot;&quot;}\" data-id=\"51a4d3d\" data-element_type=\"column\" data-e-type=\"column\">\n\t\t\t<div class=\"elementor-widget-wrap elementor-element-populated\">\n\t\t\t\t\t\t<div class=\"elementor-element elementor-element-b7b3486 elementor-widget elementor-widget-spacer\" data-id=\"b7b3486\" data-element_type=\"widget\" data-e-type=\"widget\" data-widget_type=\"spacer.default\">\n\t\t\t\t<div class=\"elementor-widget-container\">\n\t\t\t\t\t\t\t<div class=\"elementor-spacer\">\n\t\t\t<div class=\"elementor-spacer-inner\"><\/div>\n\t\t<\/div>\n\t\t\t\t\t\t<\/div>\n\t\t\t\t<\/div>\n\t\t\t\t\t<\/div>\n\t\t<\/div>\n\t\t\t\t\t<\/div>\n\t\t<\/section>\n\t\t\t\t<section class=\"elementor-section elementor-top-section elementor-element elementor-element-7686835 elementor-section-boxed elementor-section-height-default elementor-section-height-default\" data-id=\"7686835\" data-element_type=\"section\" data-e-type=\"section\" data-settings=\"{&quot;background_background&quot;:&quot;classic&quot;}\">\n\t\t\t\t\t\t<div class=\"elementor-container elementor-column-gap-default\">\n\t\t\t\t\t<div class=\" elementor-column elementor-col-100 elementor-top-column elementor-element elementor-element-bc82df8\" data-fullscreen-column-settings=\"{&quot;fullscreen&quot;:&quot;&quot;}\" data-id=\"bc82df8\" data-element_type=\"column\" data-e-type=\"column\">\n\t\t\t<div class=\"elementor-widget-wrap elementor-element-populated\">\n\t\t\t\t\t\t<section class=\"elementor-section elementor-inner-section elementor-element elementor-element-460445b elementor-section-boxed elementor-section-height-default elementor-section-height-default\" data-id=\"460445b\" data-element_type=\"section\" data-e-type=\"section\">\n\t\t\t\t\t\t<div class=\"elementor-container elementor-column-gap-default\">\n\t\t\t\t\t<div class=\" elementor-column elementor-col-100 elementor-inner-column elementor-element elementor-element-3fd7977 hvr-float-3px\" data-fullscreen-column-settings=\"{&quot;fullscreen&quot;:&quot;&quot;}\" data-id=\"3fd7977\" data-element_type=\"column\" data-e-type=\"column\" data-settings=\"{&quot;background_background&quot;:&quot;classic&quot;}\">\n\t\t\t<div class=\"elementor-widget-wrap elementor-element-populated\">\n\t\t\t\t\t\t<div class=\"elementor-element elementor-element-ba88c71 elementor-widget elementor-widget-html\" data-id=\"ba88c71\" data-element_type=\"widget\" data-e-type=\"widget\" data-widget_type=\"html.default\">\n\t\t\t\t<div class=\"elementor-widget-container\">\n\t\t\t\t\t<script charset=\"UTF-8\" defer src=\"https:\/\/cdn.beddy.io\/bol-v2\/prod\/beddy-bar-web-component.js\"><\/script><beddy-bar lang=\"de\" widgetcode=\"2cd12dd5394c8\"><\/beddy-bar>\t\t\t\t<\/div>\n\t\t\t\t<\/div>\n\t\t\t\t<div class=\"elementor-element elementor-element-2cfef01d elementor-widget__width-auto elementor-absolute e-transform elementor-invisible elementor-widget elementor-widget-text-editor\" data-id=\"2cfef01d\" data-element_type=\"widget\" data-e-type=\"widget\" data-settings=\"{&quot;_position&quot;:&quot;absolute&quot;,&quot;_animation&quot;:&quot;rollIn&quot;,&quot;_animation_delay&quot;:1600,&quot;_transform_rotateZ_effect&quot;:{&quot;unit&quot;:&quot;px&quot;,&quot;size&quot;:-20,&quot;sizes&quot;:[]},&quot;_transform_rotateZ_effect_tablet&quot;:{&quot;unit&quot;:&quot;deg&quot;,&quot;size&quot;:&quot;&quot;,&quot;sizes&quot;:[]},&quot;_transform_rotateZ_effect_mobile&quot;:{&quot;unit&quot;:&quot;deg&quot;,&quot;size&quot;:&quot;&quot;,&quot;sizes&quot;:[]}}\" data-widget_type=\"text-editor.default\">\n\t\t\t\t<div class=\"elementor-widget-container\">\n\t\t\t\t\t\t\t\t\tBest Price<br \/>\nGuarantee\t\t\t\t\t\t\t\t<\/div>\n\t\t\t\t<\/div>\n\t\t\t\t\t<\/div>\n\t\t<\/div>\n\t\t\t\t\t<\/div>\n\t\t<\/section>\n\t\t\t\t\t<\/div>\n\t\t<\/div>\n\t\t\t\t\t<\/div>\n\t\t<\/section>\n\t\t\t\t<section class=\"elementor-section elementor-top-section elementor-element elementor-element-451e62b elementor-section-boxed elementor-section-height-default elementor-section-height-default elementor-invisible\" data-id=\"451e62b\" data-element_type=\"section\" data-e-type=\"section\" data-settings=\"{&quot;animation&quot;:&quot;fadeIn&quot;,&quot;background_background&quot;:&quot;classic&quot;}\">\n\t\t\t\t\t\t<div class=\"elementor-container elementor-column-gap-default\">\n\t\t\t\t\t<div class=\" elementor-column elementor-col-100 elementor-top-column elementor-element elementor-element-79d81152\" data-fullscreen-column-settings=\"{&quot;fullscreen&quot;:&quot;&quot;}\" data-id=\"79d81152\" data-element_type=\"column\" data-e-type=\"column\">\n\t\t\t<div class=\"elementor-widget-wrap elementor-element-populated\">\n\t\t\t\t\t\t<div class=\"elementor-element elementor-element-79c219a elementor-widget elementor-widget-litho-heading\" data-id=\"79c219a\" data-element_type=\"widget\" data-e-type=\"widget\" data-widget_type=\"litho-heading.default\">\n\t\t\t\t<div class=\"elementor-widget-container\">\n\t\t\t\t\t<h5 class=\"litho-heading elementor-size-default\"><span class=\"litho-primary-title\">Auto, Scooter und Fahrrad Vermietung<\/span><\/h5>\t\t\t\t<\/div>\n\t\t\t\t<\/div>\n\t\t\t\t<div class=\"elementor-element elementor-element-1233b8b4 elementor-widget-tablet__width-inherit elementor-widget elementor-widget-text-editor\" data-id=\"1233b8b4\" data-element_type=\"widget\" data-e-type=\"widget\" data-widget_type=\"text-editor.default\">\n\t\t\t\t<div class=\"elementor-widget-container\">\n\t\t\t\t\t\t\t\t\t<p>Wir erm\u00f6glichen unseren G\u00e4sten, auf der Insel Elba verschiedene Fahrzeugtypen zu mieten.<br>Dank der integrierten Suchmaschine ist es m\u00f6glich, eine Reservierung vorzunehmen und sich \u00fcber Verf\u00fcgbarkeit und Mietpreise zu informieren.<br>Entdecken Sie die aktuellen Angebote und buchen Sie mit wenigen Mausklicken sofort das Fahrzeug Ihrer Wahl.<\/p>\t\t\t\t\t\t\t\t<\/div>\n\t\t\t\t<\/div>\n\t\t\t\t\t<\/div>\n\t\t<\/div>\n\t\t\t\t\t<\/div>\n\t\t<\/section>\n\t\t\t\t<section class=\"elementor-section elementor-top-section elementor-element elementor-element-c3e3adb elementor-section-boxed elementor-section-height-default elementor-section-height-default elementor-invisible\" data-id=\"c3e3adb\" data-element_type=\"section\" data-e-type=\"section\" data-settings=\"{&quot;animation&quot;:&quot;fadeIn&quot;}\">\n\t\t\t\t\t\t<div class=\"elementor-container elementor-column-gap-default\">\n\t\t\t\t\t<div class=\" elementor-column elementor-col-100 elementor-top-column elementor-element elementor-element-860f5c6\" data-fullscreen-column-settings=\"{&quot;fullscreen&quot;:&quot;&quot;}\" data-id=\"860f5c6\" data-element_type=\"column\" data-e-type=\"column\">\n\t\t\t<div class=\"elementor-widget-wrap elementor-element-populated\">\n\t\t\t\t\t\t<div class=\"elementor-element elementor-element-25d8d15 elementor-widget elementor-widget-html\" data-id=\"25d8d15\" data-element_type=\"widget\" data-e-type=\"widget\" data-widget_type=\"html.default\">\n\t\t\t\t<div class=\"elementor-widget-container\">\n\t\t\t\t\t<iframe width=\"100%\" height=\"700px\" frameBorder=\"0\" scrolling=\"no\" src=\"https:\/\/www.elba4fun.it\/index\/iframewrapiframe?affiliato_id=38\"><\/iframe>\t\t\t\t<\/div>\n\t\t\t\t<\/div>\n\t\t\t\t\t<\/div>\n\t\t<\/div>\n\t\t\t\t\t<\/div>\n\t\t<\/section>\n\t\t\t\t<\/div>\n\t\t","protected":false},"excerpt":{"rendered":"<p>Best Price Guarantee Auto, Scooter und Fahrrad Vermietung Wir erm\u00f6glichen unseren G\u00e4sten, auf der Insel Elba verschiedene Fahrzeugtypen zu mieten.Dank der integrierten Suchmaschine ist es m\u00f6glich, eine Reservierung vorzunehmen und sich \u00fcber Verf\u00fcgbarkeit und Mietpreise zu informieren.Entdecken Sie die aktuellen Angebote und buchen Sie mit wenigen Mausklicken sofort das Fahrzeug Ihrer Wahl.<\/p>\n","protected":false},"author":1,"featured_media":78112,"parent":79209,"menu_order":1,"comment_status":"closed","ping_status":"closed","template":"","meta":{"_joinchat":[],"footnotes":""},"class_list":["post-79219","page","type-page","status-publish","has-post-thumbnail","hentry"],"yoast_head":"<!-- This site is optimized with the Yoast SEO plugin v27.1.1 - https:\/\/yoast.com\/product\/yoast-seo-wordpress\/ -->\n<title>Auto\/Scooter\/Fahrrad Vermietung - Hotel Sardi B&amp;B - Pomonte, Insel Elba<\/title>\n<meta name=\"description\" content=\"Entdecken Sie die aktuellen Angebote und buchen Sie mit wenigen Mausklicken sofort das Fahrzeug Ihrer Wahl.\" \/>\n<meta name=\"robots\" content=\"index, follow, max-snippet:-1, max-image-preview:large, max-video-preview:-1\" \/>\n<link rel=\"canonical\" href=\"https:\/\/www.hotelsardi.it\/de\/angebote\/auto-scooter-fahrrad-vermietung\/\" \/>\n<meta property=\"og:locale\" content=\"de_DE\" \/>\n<meta property=\"og:type\" content=\"article\" \/>\n<meta property=\"og:title\" content=\"Auto\/Scooter\/Fahrrad Vermietung - Hotel Sardi B&amp;B - Pomonte, Insel Elba\" \/>\n<meta property=\"og:description\" content=\"Entdecken Sie die aktuellen Angebote und buchen Sie mit wenigen Mausklicken sofort das Fahrzeug Ihrer Wahl.\" \/>\n<meta property=\"og:url\" content=\"https:\/\/www.hotelsardi.it\/de\/angebote\/auto-scooter-fahrrad-vermietung\/\" \/>\n<meta property=\"og:site_name\" content=\"Hotel Sardi B&amp;B\" \/>\n<meta property=\"article:modified_time\" content=\"2023-07-25T13:40:48+00:00\" \/>\n<meta property=\"og:image\" content=\"https:\/\/www.hotelsardi.it\/wp-content\/uploads\/hotel_sardi_q.png\" \/>\n\t<meta property=\"og:image:width\" content=\"512\" \/>\n\t<meta property=\"og:image:height\" content=\"512\" \/>\n\t<meta property=\"og:image:type\" content=\"image\/png\" \/>\n<meta name=\"twitter:card\" content=\"summary_large_image\" \/>\n<script type=\"application\/ld+json\" class=\"yoast-schema-graph\">{\"@context\":\"https:\/\/schema.org\",\"@graph\":[{\"@type\":\"WebPage\",\"@id\":\"https:\/\/www.hotelsardi.it\/de\/angebote\/auto-scooter-fahrrad-vermietung\/\",\"url\":\"https:\/\/www.hotelsardi.it\/de\/angebote\/auto-scooter-fahrrad-vermietung\/\",\"name\":\"Auto\/Scooter\/Fahrrad Vermietung - Hotel Sardi B&amp;B - Pomonte, Insel Elba\",\"isPartOf\":{\"@id\":\"https:\/\/www.hotelsardi.it\/de\/#website\"},\"primaryImageOfPage\":{\"@id\":\"https:\/\/www.hotelsardi.it\/de\/angebote\/auto-scooter-fahrrad-vermietung\/#primaryimage\"},\"image\":{\"@id\":\"https:\/\/www.hotelsardi.it\/de\/angebote\/auto-scooter-fahrrad-vermietung\/#primaryimage\"},\"thumbnailUrl\":\"https:\/\/www.hotelsardi.it\/wp-content\/uploads\/hotel_sardi_q.png\",\"datePublished\":\"2023-07-12T10:52:27+00:00\",\"dateModified\":\"2023-07-25T13:40:48+00:00\",\"description\":\"Entdecken Sie die aktuellen Angebote und buchen Sie mit wenigen Mausklicken sofort das Fahrzeug Ihrer Wahl.\",\"breadcrumb\":{\"@id\":\"https:\/\/www.hotelsardi.it\/de\/angebote\/auto-scooter-fahrrad-vermietung\/#breadcrumb\"},\"inLanguage\":\"de\",\"potentialAction\":[{\"@type\":\"ReadAction\",\"target\":[\"https:\/\/www.hotelsardi.it\/de\/angebote\/auto-scooter-fahrrad-vermietung\/\"]}]},{\"@type\":\"ImageObject\",\"inLanguage\":\"de\",\"@id\":\"https:\/\/www.hotelsardi.it\/de\/angebote\/auto-scooter-fahrrad-vermietung\/#primaryimage\",\"url\":\"https:\/\/www.hotelsardi.it\/wp-content\/uploads\/hotel_sardi_q.png\",\"contentUrl\":\"https:\/\/www.hotelsardi.it\/wp-content\/uploads\/hotel_sardi_q.png\",\"width\":512,\"height\":512},{\"@type\":\"BreadcrumbList\",\"@id\":\"https:\/\/www.hotelsardi.it\/de\/angebote\/auto-scooter-fahrrad-vermietung\/#breadcrumb\",\"itemListElement\":[{\"@type\":\"ListItem\",\"position\":1,\"name\":\"Home\",\"item\":\"https:\/\/www.hotelsardi.it\/de\/\"},{\"@type\":\"ListItem\",\"position\":2,\"name\":\"Angebote\",\"item\":\"https:\/\/www.hotelsardi.it\/de\/angebote\/\"},{\"@type\":\"ListItem\",\"position\":3,\"name\":\"Auto\/Scooter\/Fahrrad Vermietung\"}]},{\"@type\":\"WebSite\",\"@id\":\"https:\/\/www.hotelsardi.it\/de\/#website\",\"url\":\"https:\/\/www.hotelsardi.it\/de\/\",\"name\":\"Hotel Sardi B&B\",\"description\":\"Pomonte, Insel Elba\",\"publisher\":{\"@id\":\"https:\/\/www.hotelsardi.it\/de\/#organization\"},\"potentialAction\":[{\"@type\":\"SearchAction\",\"target\":{\"@type\":\"EntryPoint\",\"urlTemplate\":\"https:\/\/www.hotelsardi.it\/de\/?s={search_term_string}\"},\"query-input\":{\"@type\":\"PropertyValueSpecification\",\"valueRequired\":true,\"valueName\":\"search_term_string\"}}],\"inLanguage\":\"de\"},{\"@type\":\"Organization\",\"@id\":\"https:\/\/www.hotelsardi.it\/de\/#organization\",\"name\":\"Hotel Sardi B&B\",\"url\":\"https:\/\/www.hotelsardi.it\/de\/\",\"logo\":{\"@type\":\"ImageObject\",\"inLanguage\":\"de\",\"@id\":\"https:\/\/www.hotelsardi.it\/de\/#\/schema\/logo\/image\/\",\"url\":\"https:\/\/www.hotelsardi.it\/wp-content\/uploads\/hotel_sardi_q.png\",\"contentUrl\":\"https:\/\/www.hotelsardi.it\/wp-content\/uploads\/hotel_sardi_q.png\",\"width\":512,\"height\":512,\"caption\":\"Hotel Sardi B&B\"},\"image\":{\"@id\":\"https:\/\/www.hotelsardi.it\/de\/#\/schema\/logo\/image\/\"}}]}<\/script>\n<!-- \/ Yoast SEO plugin. -->","yoast_head_json":{"title":"Auto\/Scooter\/Fahrrad Vermietung - Hotel Sardi B&amp;B - Pomonte, Insel Elba","description":"Entdecken Sie die aktuellen Angebote und buchen Sie mit wenigen Mausklicken sofort das Fahrzeug Ihrer Wahl.","robots":{"index":"index","follow":"follow","max-snippet":"max-snippet:-1","max-image-preview":"max-image-preview:large","max-video-preview":"max-video-preview:-1"},"canonical":"https:\/\/www.hotelsardi.it\/de\/angebote\/auto-scooter-fahrrad-vermietung\/","og_locale":"de_DE","og_type":"article","og_title":"Auto\/Scooter\/Fahrrad Vermietung - Hotel Sardi B&amp;B - Pomonte, Insel Elba","og_description":"Entdecken Sie die aktuellen Angebote und buchen Sie mit wenigen Mausklicken sofort das Fahrzeug Ihrer Wahl.","og_url":"https:\/\/www.hotelsardi.it\/de\/angebote\/auto-scooter-fahrrad-vermietung\/","og_site_name":"Hotel Sardi B&amp;B","article_modified_time":"2023-07-25T13:40:48+00:00","og_image":[{"width":512,"height":512,"url":"https:\/\/www.hotelsardi.it\/wp-content\/uploads\/hotel_sardi_q.png","type":"image\/png"}],"twitter_card":"summary_large_image","schema":{"@context":"https:\/\/schema.org","@graph":[{"@type":"WebPage","@id":"https:\/\/www.hotelsardi.it\/de\/angebote\/auto-scooter-fahrrad-vermietung\/","url":"https:\/\/www.hotelsardi.it\/de\/angebote\/auto-scooter-fahrrad-vermietung\/","name":"Auto\/Scooter\/Fahrrad Vermietung - Hotel Sardi B&amp;B - Pomonte, Insel Elba","isPartOf":{"@id":"https:\/\/www.hotelsardi.it\/de\/#website"},"primaryImageOfPage":{"@id":"https:\/\/www.hotelsardi.it\/de\/angebote\/auto-scooter-fahrrad-vermietung\/#primaryimage"},"image":{"@id":"https:\/\/www.hotelsardi.it\/de\/angebote\/auto-scooter-fahrrad-vermietung\/#primaryimage"},"thumbnailUrl":"https:\/\/www.hotelsardi.it\/wp-content\/uploads\/hotel_sardi_q.png","datePublished":"2023-07-12T10:52:27+00:00","dateModified":"2023-07-25T13:40:48+00:00","description":"Entdecken Sie die aktuellen Angebote und buchen Sie mit wenigen Mausklicken sofort das Fahrzeug Ihrer Wahl.","breadcrumb":{"@id":"https:\/\/www.hotelsardi.it\/de\/angebote\/auto-scooter-fahrrad-vermietung\/#breadcrumb"},"inLanguage":"de","potentialAction":[{"@type":"ReadAction","target":["https:\/\/www.hotelsardi.it\/de\/angebote\/auto-scooter-fahrrad-vermietung\/"]}]},{"@type":"ImageObject","inLanguage":"de","@id":"https:\/\/www.hotelsardi.it\/de\/angebote\/auto-scooter-fahrrad-vermietung\/#primaryimage","url":"https:\/\/www.hotelsardi.it\/wp-content\/uploads\/hotel_sardi_q.png","contentUrl":"https:\/\/www.hotelsardi.it\/wp-content\/uploads\/hotel_sardi_q.png","width":512,"height":512},{"@type":"BreadcrumbList","@id":"https:\/\/www.hotelsardi.it\/de\/angebote\/auto-scooter-fahrrad-vermietung\/#breadcrumb","itemListElement":[{"@type":"ListItem","position":1,"name":"Home","item":"https:\/\/www.hotelsardi.it\/de\/"},{"@type":"ListItem","position":2,"name":"Angebote","item":"https:\/\/www.hotelsardi.it\/de\/angebote\/"},{"@type":"ListItem","position":3,"name":"Auto\/Scooter\/Fahrrad Vermietung"}]},{"@type":"WebSite","@id":"https:\/\/www.hotelsardi.it\/de\/#website","url":"https:\/\/www.hotelsardi.it\/de\/","name":"Hotel Sardi B&B","description":"Pomonte, Insel Elba","publisher":{"@id":"https:\/\/www.hotelsardi.it\/de\/#organization"},"potentialAction":[{"@type":"SearchAction","target":{"@type":"EntryPoint","urlTemplate":"https:\/\/www.hotelsardi.it\/de\/?s={search_term_string}"},"query-input":{"@type":"PropertyValueSpecification","valueRequired":true,"valueName":"search_term_string"}}],"inLanguage":"de"},{"@type":"Organization","@id":"https:\/\/www.hotelsardi.it\/de\/#organization","name":"Hotel Sardi B&B","url":"https:\/\/www.hotelsardi.it\/de\/","logo":{"@type":"ImageObject","inLanguage":"de","@id":"https:\/\/www.hotelsardi.it\/de\/#\/schema\/logo\/image\/","url":"https:\/\/www.hotelsardi.it\/wp-content\/uploads\/hotel_sardi_q.png","contentUrl":"https:\/\/www.hotelsardi.it\/wp-content\/uploads\/hotel_sardi_q.png","width":512,"height":512,"caption":"Hotel Sardi B&B"},"image":{"@id":"https:\/\/www.hotelsardi.it\/de\/#\/schema\/logo\/image\/"}}]}},"_links":{"self":[{"href":"https:\/\/www.hotelsardi.it\/de\/wp-json\/wp\/v2\/pages\/79219","targetHints":{"allow":["GET"]}}],"collection":[{"href":"https:\/\/www.hotelsardi.it\/de\/wp-json\/wp\/v2\/pages"}],"about":[{"href":"https:\/\/www.hotelsardi.it\/de\/wp-json\/wp\/v2\/types\/page"}],"author":[{"embeddable":true,"href":"https:\/\/www.hotelsardi.it\/de\/wp-json\/wp\/v2\/users\/1"}],"replies":[{"embeddable":true,"href":"https:\/\/www.hotelsardi.it\/de\/wp-json\/wp\/v2\/comments?post=79219"}],"version-history":[{"count":8,"href":"https:\/\/www.hotelsardi.it\/de\/wp-json\/wp\/v2\/pages\/79219\/revisions"}],"predecessor-version":[{"id":79451,"href":"https:\/\/www.hotelsardi.it\/de\/wp-json\/wp\/v2\/pages\/79219\/revisions\/79451"}],"up":[{"embeddable":true,"href":"https:\/\/www.hotelsardi.it\/de\/wp-json\/wp\/v2\/pages\/79209"}],"wp:featuredmedia":[{"embeddable":true,"href":"https:\/\/www.hotelsardi.it\/de\/wp-json\/wp\/v2\/media\/78112"}],"wp:attachment":[{"href":"https:\/\/www.hotelsardi.it\/de\/wp-json\/wp\/v2\/media?parent=79219"}],"curies":[{"name":"wp","href":"https:\/\/api.w.org\/{rel}","templated":true}]}}