{"id":79242,"date":"2023-06-20T14:18:54","date_gmt":"2023-06-20T12:18:54","guid":{"rendered":"https:\/\/www.hotelsardi.it\/angebote\/prenotazione-traghetti\/"},"modified":"2023-11-07T09:43:56","modified_gmt":"2023-11-07T08:43:56","slug":"faehrbuchung","status":"publish","type":"page","link":"https:\/\/www.hotelsardi.it\/de\/angebote\/faehrbuchung\/","title":{"rendered":"F\u00e4hrbuchung"},"content":{"rendered":"\t\t<div data-elementor-type=\"wp-page\" data-elementor-id=\"79242\" class=\"elementor elementor-79242 elementor-76034\">\n\t\t\t\t\t\t<section class=\"elementor-section elementor-top-section elementor-element elementor-element-51c17ad elementor-section-height-min-height elementor-section-boxed elementor-section-height-default elementor-section-items-middle elementor-invisible\" data-id=\"51c17ad\" data-element_type=\"section\" data-e-type=\"section\" data-settings=\"{&quot;background_background&quot;:&quot;classic&quot;,&quot;animation&quot;:&quot;fadeIn&quot;}\">\n\t\t\t\t\t\t\t<div class=\"elementor-background-overlay\"><\/div>\n\t\t\t\t\t\t\t<div class=\"elementor-container elementor-column-gap-default\">\n\t\t\t\t\t<div class=\" elementor-column elementor-col-100 elementor-top-column elementor-element elementor-element-51a4d3d\" data-fullscreen-column-settings=\"{&quot;fullscreen&quot;:&quot;&quot;}\" data-id=\"51a4d3d\" data-element_type=\"column\" data-e-type=\"column\">\n\t\t\t<div class=\"elementor-widget-wrap elementor-element-populated\">\n\t\t\t\t\t\t<div class=\"elementor-element elementor-element-b7b3486 elementor-widget elementor-widget-spacer\" data-id=\"b7b3486\" data-element_type=\"widget\" data-e-type=\"widget\" data-widget_type=\"spacer.default\">\n\t\t\t\t<div class=\"elementor-widget-container\">\n\t\t\t\t\t\t\t<div class=\"elementor-spacer\">\n\t\t\t<div class=\"elementor-spacer-inner\"><\/div>\n\t\t<\/div>\n\t\t\t\t\t\t<\/div>\n\t\t\t\t<\/div>\n\t\t\t\t\t<\/div>\n\t\t<\/div>\n\t\t\t\t\t<\/div>\n\t\t<\/section>\n\t\t\t\t<section class=\"elementor-section elementor-top-section elementor-element elementor-element-7686835 elementor-section-boxed elementor-section-height-default elementor-section-height-default\" data-id=\"7686835\" data-element_type=\"section\" data-e-type=\"section\" data-settings=\"{&quot;background_background&quot;:&quot;classic&quot;}\">\n\t\t\t\t\t\t<div class=\"elementor-container elementor-column-gap-default\">\n\t\t\t\t\t<div class=\" elementor-column elementor-col-100 elementor-top-column elementor-element elementor-element-bc82df8\" data-fullscreen-column-settings=\"{&quot;fullscreen&quot;:&quot;&quot;}\" data-id=\"bc82df8\" data-element_type=\"column\" data-e-type=\"column\">\n\t\t\t<div class=\"elementor-widget-wrap elementor-element-populated\">\n\t\t\t\t\t\t<section class=\"elementor-section elementor-inner-section elementor-element elementor-element-460445b elementor-section-boxed elementor-section-height-default elementor-section-height-default\" data-id=\"460445b\" data-element_type=\"section\" data-e-type=\"section\">\n\t\t\t\t\t\t<div class=\"elementor-container elementor-column-gap-default\">\n\t\t\t\t\t<div class=\" elementor-column elementor-col-100 elementor-inner-column elementor-element elementor-element-3fd7977 hvr-float-3px\" data-fullscreen-column-settings=\"{&quot;fullscreen&quot;:&quot;&quot;}\" data-id=\"3fd7977\" data-element_type=\"column\" data-e-type=\"column\" data-settings=\"{&quot;background_background&quot;:&quot;classic&quot;}\">\n\t\t\t<div class=\"elementor-widget-wrap elementor-element-populated\">\n\t\t\t\t\t\t<div class=\"elementor-element elementor-element-ba88c71 elementor-widget elementor-widget-html\" data-id=\"ba88c71\" data-element_type=\"widget\" data-e-type=\"widget\" data-widget_type=\"html.default\">\n\t\t\t\t<div class=\"elementor-widget-container\">\n\t\t\t\t\t<script charset=\"UTF-8\" defer src=\"https:\/\/cdn.beddy.io\/bol-v2\/prod\/beddy-bar-web-component.js\"><\/script><beddy-bar lang=\"de\" widgetcode=\"2cd12dd5394c8\"><\/beddy-bar>\t\t\t\t<\/div>\n\t\t\t\t<\/div>\n\t\t\t\t<div class=\"elementor-element elementor-element-2cfef01d elementor-widget__width-auto elementor-absolute e-transform elementor-invisible elementor-widget elementor-widget-text-editor\" data-id=\"2cfef01d\" data-element_type=\"widget\" data-e-type=\"widget\" data-settings=\"{&quot;_position&quot;:&quot;absolute&quot;,&quot;_animation&quot;:&quot;rollIn&quot;,&quot;_animation_delay&quot;:1600,&quot;_transform_rotateZ_effect&quot;:{&quot;unit&quot;:&quot;px&quot;,&quot;size&quot;:-20,&quot;sizes&quot;:[]},&quot;_transform_rotateZ_effect_tablet&quot;:{&quot;unit&quot;:&quot;deg&quot;,&quot;size&quot;:&quot;&quot;,&quot;sizes&quot;:[]},&quot;_transform_rotateZ_effect_mobile&quot;:{&quot;unit&quot;:&quot;deg&quot;,&quot;size&quot;:&quot;&quot;,&quot;sizes&quot;:[]}}\" data-widget_type=\"text-editor.default\">\n\t\t\t\t<div class=\"elementor-widget-container\">\n\t\t\t\t\t\t\t\t\tBest Price<br \/>\nGuarantee\t\t\t\t\t\t\t\t<\/div>\n\t\t\t\t<\/div>\n\t\t\t\t\t<\/div>\n\t\t<\/div>\n\t\t\t\t\t<\/div>\n\t\t<\/section>\n\t\t\t\t\t<\/div>\n\t\t<\/div>\n\t\t\t\t\t<\/div>\n\t\t<\/section>\n\t\t\t\t<section class=\"elementor-section elementor-top-section elementor-element elementor-element-451e62b elementor-section-boxed elementor-section-height-default elementor-section-height-default elementor-invisible\" data-id=\"451e62b\" data-element_type=\"section\" data-e-type=\"section\" data-settings=\"{&quot;animation&quot;:&quot;fadeIn&quot;,&quot;background_background&quot;:&quot;classic&quot;}\">\n\t\t\t\t\t\t<div class=\"elementor-container elementor-column-gap-default\">\n\t\t\t\t\t<div class=\" elementor-column elementor-col-100 elementor-top-column elementor-element elementor-element-79d81152\" data-fullscreen-column-settings=\"{&quot;fullscreen&quot;:&quot;&quot;}\" data-id=\"79d81152\" data-element_type=\"column\" data-e-type=\"column\">\n\t\t\t<div class=\"elementor-widget-wrap elementor-element-populated\">\n\t\t\t\t\t\t<div class=\"elementor-element elementor-element-79c219a elementor-widget elementor-widget-litho-heading\" data-id=\"79c219a\" data-element_type=\"widget\" data-e-type=\"widget\" data-widget_type=\"litho-heading.default\">\n\t\t\t\t<div class=\"elementor-widget-container\">\n\t\t\t\t\t<h5 class=\"litho-heading elementor-size-default\"><span class=\"litho-primary-title\">F\u00e4hrbuchung<\/span><\/h5>\t\t\t\t<\/div>\n\t\t\t\t<\/div>\n\t\t\t\t<div class=\"elementor-element elementor-element-1233b8b4 elementor-widget__width-initial elementor-widget-tablet__width-inherit elementor-widget elementor-widget-text-editor\" data-id=\"1233b8b4\" data-element_type=\"widget\" data-e-type=\"widget\" data-widget_type=\"text-editor.default\">\n\t\t\t\t<div class=\"elementor-widget-container\">\n\t\t\t\t\t\t\t\t\t<p>Unser Hotel bietet den G\u00e4sten verg\u00fcnstigte F\u00e4hrentickets f\u00fcr die F\u00e4hrengesellschaften (BluNavy, Moby, Toremar).<\/p>\n<p>Fragen Sie nach mehr Informationen:&nbsp;<a href=\"http:\/\/tel:+390565906045\" target=\"_blank\" rel=\"noopener\">(+39)&nbsp;0565 906045<\/a>&nbsp;&#8211;&nbsp;<a href=\"http:\/\/tel:+393245893615\" target=\"_blank\" rel=\"noopener\">(+39)&nbsp;324 5893615<\/a><\/p>\n<p>Zusammen mit der Zimmerbuchungsbest\u00e4tigung stellen wir Ihnen Rabattcodes zur Verf\u00fcgung, mit denen Sie Ihr Ticket unabh\u00e4ngig online bei allen F\u00e4hrengesellschaften Moby, Toremar und BluNavy mit einem Rabatt von 20 % bis 50 % auf die Listenpreise reservieren k\u00f6nnen.<\/p>\t\t\t\t\t\t\t\t<\/div>\n\t\t\t\t<\/div>\n\t\t\t\t<div class=\"elementor-element elementor-element-9137595 elementor-widget elementor-widget-spacer\" data-id=\"9137595\" data-element_type=\"widget\" data-e-type=\"widget\" data-widget_type=\"spacer.default\">\n\t\t\t\t<div class=\"elementor-widget-container\">\n\t\t\t\t\t\t\t<div class=\"elementor-spacer\">\n\t\t\t<div class=\"elementor-spacer-inner\"><\/div>\n\t\t<\/div>\n\t\t\t\t\t\t<\/div>\n\t\t\t\t<\/div>\n\t\t\t\t<section class=\"elementor-section elementor-inner-section elementor-element elementor-element-5ff2c65e elementor-section-boxed elementor-section-height-default elementor-section-height-default\" data-id=\"5ff2c65e\" data-element_type=\"section\" data-e-type=\"section\">\n\t\t\t\t\t\t<div class=\"elementor-container elementor-column-gap-no\">\n\t\t\t\t\t<div class=\" elementor-column elementor-col-100 elementor-inner-column elementor-element elementor-element-3886e0f4 elementor-invisible\" data-fullscreen-column-settings=\"{&quot;fullscreen&quot;:&quot;&quot;}\" data-id=\"3886e0f4\" data-element_type=\"column\" data-e-type=\"column\" data-settings=\"{&quot;animation&quot;:&quot;fadeIn&quot;,&quot;animation_delay&quot;:200}\">\n\t\t\t<div class=\"elementor-widget-wrap elementor-element-populated\">\n\t\t\t\t\t\t<div class=\"elementor-element elementor-element-0027d7b elementor-widget elementor-widget-image\" data-id=\"0027d7b\" data-element_type=\"widget\" data-e-type=\"widget\" data-widget_type=\"image.default\">\n\t\t\t\t<div class=\"elementor-widget-container\">\n\t\t\t\t\t\t\t\t\t\t\t\t\t\t\t\t<a href=\"https:\/\/booking.blunavytraghetti.com\/\" target=\"_blank\" rel=\"nofollow\">\n\t\t\t\t\t\t\t<img decoding=\"async\" width=\"300\" height=\"71\" src=\"https:\/\/www.hotelsardi.it\/wp-content\/uploads\/blu_navy_elba-300x71.png\" class=\"attachment-medium size-medium wp-image-78122\" alt=\"\" srcset=\"https:\/\/www.hotelsardi.it\/wp-content\/uploads\/blu_navy_elba-300x71.png 300w, https:\/\/www.hotelsardi.it\/wp-content\/uploads\/blu_navy_elba-200x47.png 200w, https:\/\/www.hotelsardi.it\/wp-content\/uploads\/blu_navy_elba.png 600w\" sizes=\"(max-width: 300px) 100vw, 300px\" \/>\t\t\t\t\t\t\t\t<\/a>\n\t\t\t\t\t\t\t\t\t\t\t\t\t\t\t<\/div>\n\t\t\t\t<\/div>\n\t\t\t\t<div class=\"elementor-element elementor-element-a7c61ae elementor-widget-tablet__width-inherit elementor-widget elementor-widget-text-editor\" data-id=\"a7c61ae\" data-element_type=\"widget\" data-e-type=\"widget\" data-widget_type=\"text-editor.default\">\n\t\t\t\t<div class=\"elementor-widget-container\">\n\t\t\t\t\t\t\t\t\t<p>Das Hotel Sardi h\u00e4lt sich an die Vereinbarung zwischen Blu Navy und Ilva Viaggi.<\/p>\t\t\t\t\t\t\t\t<\/div>\n\t\t\t\t<\/div>\n\t\t\t\t<div class=\"elementor-element elementor-element-599d229 elementor-widget elementor-widget-html\" data-id=\"599d229\" data-element_type=\"widget\" data-e-type=\"widget\" data-widget_type=\"html.default\">\n\t\t\t\t<div class=\"elementor-widget-container\">\n\t\t\t\t\t<div style=\"margin: 0 auto;\"><iframe style=\"border: none; filter:drop-shadow(0px 3px 10px rgba(0,0,0,.2));\" src=\"https:\/\/blunavytraghetti.com\/de\/hotel\/hotel-sardi\/?iframe=banner\" width=\"100%\" height=\"100%\" allowtransparency=\"true\" class=\"blunavyembed\"><\/iframe><script src=\"https:\/\/blunavytraghetti.com\/wp-content\/themes\/cosmo\/assets\/js\/iframe\/embed.js\"><\/script><span style=\" font-family: sans-serif; color: #292C7E; font-size: 14px; padding-top: 10px;display: flex; align-items:center; justify-content:center; flex-wrap: wrap; gap: 10px; vertical-gap: 10px; \">Ein F\u00e4hrdienst zur Insel Elba, angeboten von <a style=\"font-family: sans-serif; color: #292C7E; font-size: 14px; text-decoration: none;\" href=\"https:\/\/blunavytraghetti.com\/de\/?utm_source=snippet-embed\">Blunavytraghetti.com<\/a> <a href=\"https:\/\/blunavytraghetti.com\/de\/?utm_source=snippet-embed\"><img decoding=\"async\" style=\"width: 80px;\" src=\"https:\/\/blunavytraghetti.com\/wp-content\/themes\/cosmo\/assets\/images\/logo-blunavy-traghetti.png\" alt=\"Logo BluNavy traghetti Elba\"\/><\/a><\/span><\/div>\t\t\t\t<\/div>\n\t\t\t\t<\/div>\n\t\t\t\t\t<\/div>\n\t\t<\/div>\n\t\t\t\t\t<\/div>\n\t\t<\/section>\n\t\t\t\t\t<\/div>\n\t\t<\/div>\n\t\t\t\t\t<\/div>\n\t\t<\/section>\n\t\t\t\t<section class=\"elementor-section elementor-top-section elementor-element elementor-element-c3e3adb elementor-section-boxed elementor-section-height-default elementor-section-height-default elementor-invisible\" data-id=\"c3e3adb\" data-element_type=\"section\" data-e-type=\"section\" data-settings=\"{&quot;animation&quot;:&quot;fadeIn&quot;}\">\n\t\t\t\t\t\t<div class=\"elementor-container elementor-column-gap-default\">\n\t\t\t\t\t<div class=\" elementor-column elementor-col-100 elementor-top-column elementor-element elementor-element-860f5c6\" data-fullscreen-column-settings=\"{&quot;fullscreen&quot;:&quot;&quot;}\" data-id=\"860f5c6\" data-element_type=\"column\" data-e-type=\"column\">\n\t\t\t<div class=\"elementor-widget-wrap elementor-element-populated\">\n\t\t\t\t\t\t<div class=\"elementor-element elementor-element-2238cfd elementor-widget elementor-widget-litho-heading\" data-id=\"2238cfd\" data-element_type=\"widget\" data-e-type=\"widget\" data-widget_type=\"litho-heading.default\">\n\t\t\t\t<div class=\"elementor-widget-container\">\n\t\t\t\t\t<h5 class=\"litho-heading elementor-size-default\"><span class=\"litho-primary-title\">Moby und Toremar<\/span><\/h5>\t\t\t\t<\/div>\n\t\t\t\t<\/div>\n\t\t\t\t<div class=\"elementor-element elementor-element-25d8d15 elementor-widget elementor-widget-html\" data-id=\"25d8d15\" data-element_type=\"widget\" data-e-type=\"widget\" data-widget_type=\"html.default\">\n\t\t\t\t<div class=\"elementor-widget-container\">\n\t\t\t\t\t<div style='margin-left: auto; margin-right: auto; max-width: 1170px'><iframe id=\"tlines\" src=\"https:\/\/www.traghettilines.it\/de\/faehren-insel-elba.aspx?AID=93081&iframe_booking=true&v2=true\" style=\"border:0px; width: 100%;\" class=\"tlines_frame\" scrolling=\"no\"><\/iframe><span id=\"span_tlines\"><\/span><script type=\"text\/javascript\" src=\"https:\/\/www.traghettilines.it\/Ajax\/tlines_resp.ashx?&lang=de&AID=93081&UID=&cat0=3\"><\/script><\/div>\t\t\t\t<\/div>\n\t\t\t\t<\/div>\n\t\t\t\t\t<\/div>\n\t\t<\/div>\n\t\t\t\t\t<\/div>\n\t\t<\/section>\n\t\t\t\t<\/div>\n\t\t","protected":false},"excerpt":{"rendered":"<p>Best Price Guarantee F\u00e4hrbuchung Unser Hotel bietet den G\u00e4sten verg\u00fcnstigte F\u00e4hrentickets f\u00fcr die F\u00e4hrengesellschaften (BluNavy, Moby, Toremar). Fragen Sie nach mehr Informationen:&nbsp;(+39)&nbsp;0565 906045&nbsp;&#8211;&nbsp;(+39)&nbsp;324 5893615 Zusammen mit der Zimmerbuchungsbest\u00e4tigung stellen wir Ihnen Rabattcodes zur Verf\u00fcgung, mit denen Sie Ihr Ticket unabh\u00e4ngig online bei allen F\u00e4hrengesellschaften Moby, Toremar und BluNavy mit einem Rabatt von 20 % bis [&hellip;]<\/p>\n","protected":false},"author":1,"featured_media":78112,"parent":79209,"menu_order":1,"comment_status":"closed","ping_status":"closed","template":"","meta":{"_joinchat":[],"footnotes":""},"class_list":["post-79242","page","type-page","status-publish","has-post-thumbnail","hentry"],"yoast_head":"<!-- This site is optimized with the Yoast SEO plugin v27.1.1 - https:\/\/yoast.com\/product\/yoast-seo-wordpress\/ -->\n<title>F\u00e4hrbuchung - Hotel Sardi B&amp;B - Pomonte, Insel Elba<\/title>\n<meta name=\"description\" content=\"Unser Hotel bietet den G\u00e4sten verg\u00fcnstigte F\u00e4hrentickets f\u00fcr die F\u00e4hrengesellschaften (BluNavy, Moby, Toremar).\" \/>\n<meta name=\"robots\" content=\"index, follow, max-snippet:-1, max-image-preview:large, max-video-preview:-1\" \/>\n<link rel=\"canonical\" href=\"https:\/\/www.hotelsardi.it\/de\/angebote\/faehrbuchung\/\" \/>\n<meta property=\"og:locale\" content=\"de_DE\" \/>\n<meta property=\"og:type\" content=\"article\" \/>\n<meta property=\"og:title\" content=\"F\u00e4hrbuchung - Hotel Sardi B&amp;B - Pomonte, Insel Elba\" \/>\n<meta property=\"og:description\" content=\"Unser Hotel bietet den G\u00e4sten verg\u00fcnstigte F\u00e4hrentickets f\u00fcr die F\u00e4hrengesellschaften (BluNavy, Moby, Toremar).\" \/>\n<meta property=\"og:url\" content=\"https:\/\/www.hotelsardi.it\/de\/angebote\/faehrbuchung\/\" \/>\n<meta property=\"og:site_name\" content=\"Hotel Sardi B&amp;B\" \/>\n<meta property=\"article:modified_time\" content=\"2023-11-07T08:43:56+00:00\" \/>\n<meta property=\"og:image\" content=\"https:\/\/www.hotelsardi.it\/wp-content\/uploads\/hotel_sardi_q.png\" \/>\n\t<meta property=\"og:image:width\" content=\"512\" \/>\n\t<meta property=\"og:image:height\" content=\"512\" \/>\n\t<meta property=\"og:image:type\" content=\"image\/png\" \/>\n<meta name=\"twitter:card\" content=\"summary_large_image\" \/>\n<meta name=\"twitter:label1\" content=\"Gesch\u00e4tzte Lesezeit\" \/>\n\t<meta name=\"twitter:data1\" content=\"1\u00a0Minute\" \/>\n<script type=\"application\/ld+json\" class=\"yoast-schema-graph\">{\"@context\":\"https:\/\/schema.org\",\"@graph\":[{\"@type\":\"WebPage\",\"@id\":\"https:\/\/www.hotelsardi.it\/de\/angebote\/faehrbuchung\/\",\"url\":\"https:\/\/www.hotelsardi.it\/de\/angebote\/faehrbuchung\/\",\"name\":\"F\u00e4hrbuchung - Hotel Sardi B&amp;B - Pomonte, Insel Elba\",\"isPartOf\":{\"@id\":\"https:\/\/www.hotelsardi.it\/de\/#website\"},\"primaryImageOfPage\":{\"@id\":\"https:\/\/www.hotelsardi.it\/de\/angebote\/faehrbuchung\/#primaryimage\"},\"image\":{\"@id\":\"https:\/\/www.hotelsardi.it\/de\/angebote\/faehrbuchung\/#primaryimage\"},\"thumbnailUrl\":\"https:\/\/www.hotelsardi.it\/wp-content\/uploads\/hotel_sardi_q.png\",\"datePublished\":\"2023-06-20T12:18:54+00:00\",\"dateModified\":\"2023-11-07T08:43:56+00:00\",\"description\":\"Unser Hotel bietet den G\u00e4sten verg\u00fcnstigte F\u00e4hrentickets f\u00fcr die F\u00e4hrengesellschaften (BluNavy, Moby, Toremar).\",\"breadcrumb\":{\"@id\":\"https:\/\/www.hotelsardi.it\/de\/angebote\/faehrbuchung\/#breadcrumb\"},\"inLanguage\":\"de\",\"potentialAction\":[{\"@type\":\"ReadAction\",\"target\":[\"https:\/\/www.hotelsardi.it\/de\/angebote\/faehrbuchung\/\"]}]},{\"@type\":\"ImageObject\",\"inLanguage\":\"de\",\"@id\":\"https:\/\/www.hotelsardi.it\/de\/angebote\/faehrbuchung\/#primaryimage\",\"url\":\"https:\/\/www.hotelsardi.it\/wp-content\/uploads\/hotel_sardi_q.png\",\"contentUrl\":\"https:\/\/www.hotelsardi.it\/wp-content\/uploads\/hotel_sardi_q.png\",\"width\":512,\"height\":512},{\"@type\":\"BreadcrumbList\",\"@id\":\"https:\/\/www.hotelsardi.it\/de\/angebote\/faehrbuchung\/#breadcrumb\",\"itemListElement\":[{\"@type\":\"ListItem\",\"position\":1,\"name\":\"Home\",\"item\":\"https:\/\/www.hotelsardi.it\/de\/\"},{\"@type\":\"ListItem\",\"position\":2,\"name\":\"Angebote\",\"item\":\"https:\/\/www.hotelsardi.it\/de\/angebote\/\"},{\"@type\":\"ListItem\",\"position\":3,\"name\":\"F\u00e4hrbuchung\"}]},{\"@type\":\"WebSite\",\"@id\":\"https:\/\/www.hotelsardi.it\/de\/#website\",\"url\":\"https:\/\/www.hotelsardi.it\/de\/\",\"name\":\"Hotel Sardi B&B\",\"description\":\"Pomonte, Insel Elba\",\"publisher\":{\"@id\":\"https:\/\/www.hotelsardi.it\/de\/#organization\"},\"potentialAction\":[{\"@type\":\"SearchAction\",\"target\":{\"@type\":\"EntryPoint\",\"urlTemplate\":\"https:\/\/www.hotelsardi.it\/de\/?s={search_term_string}\"},\"query-input\":{\"@type\":\"PropertyValueSpecification\",\"valueRequired\":true,\"valueName\":\"search_term_string\"}}],\"inLanguage\":\"de\"},{\"@type\":\"Organization\",\"@id\":\"https:\/\/www.hotelsardi.it\/de\/#organization\",\"name\":\"Hotel Sardi B&B\",\"url\":\"https:\/\/www.hotelsardi.it\/de\/\",\"logo\":{\"@type\":\"ImageObject\",\"inLanguage\":\"de\",\"@id\":\"https:\/\/www.hotelsardi.it\/de\/#\/schema\/logo\/image\/\",\"url\":\"https:\/\/www.hotelsardi.it\/wp-content\/uploads\/hotel_sardi_q.png\",\"contentUrl\":\"https:\/\/www.hotelsardi.it\/wp-content\/uploads\/hotel_sardi_q.png\",\"width\":512,\"height\":512,\"caption\":\"Hotel Sardi B&B\"},\"image\":{\"@id\":\"https:\/\/www.hotelsardi.it\/de\/#\/schema\/logo\/image\/\"}}]}<\/script>\n<!-- \/ Yoast SEO plugin. -->","yoast_head_json":{"title":"F\u00e4hrbuchung - Hotel Sardi B&amp;B - Pomonte, Insel Elba","description":"Unser Hotel bietet den G\u00e4sten verg\u00fcnstigte F\u00e4hrentickets f\u00fcr die F\u00e4hrengesellschaften (BluNavy, Moby, Toremar).","robots":{"index":"index","follow":"follow","max-snippet":"max-snippet:-1","max-image-preview":"max-image-preview:large","max-video-preview":"max-video-preview:-1"},"canonical":"https:\/\/www.hotelsardi.it\/de\/angebote\/faehrbuchung\/","og_locale":"de_DE","og_type":"article","og_title":"F\u00e4hrbuchung - Hotel Sardi B&amp;B - Pomonte, Insel Elba","og_description":"Unser Hotel bietet den G\u00e4sten verg\u00fcnstigte F\u00e4hrentickets f\u00fcr die F\u00e4hrengesellschaften (BluNavy, Moby, Toremar).","og_url":"https:\/\/www.hotelsardi.it\/de\/angebote\/faehrbuchung\/","og_site_name":"Hotel Sardi B&amp;B","article_modified_time":"2023-11-07T08:43:56+00:00","og_image":[{"width":512,"height":512,"url":"https:\/\/www.hotelsardi.it\/wp-content\/uploads\/hotel_sardi_q.png","type":"image\/png"}],"twitter_card":"summary_large_image","twitter_misc":{"Gesch\u00e4tzte Lesezeit":"1\u00a0Minute"},"schema":{"@context":"https:\/\/schema.org","@graph":[{"@type":"WebPage","@id":"https:\/\/www.hotelsardi.it\/de\/angebote\/faehrbuchung\/","url":"https:\/\/www.hotelsardi.it\/de\/angebote\/faehrbuchung\/","name":"F\u00e4hrbuchung - Hotel Sardi B&amp;B - Pomonte, Insel Elba","isPartOf":{"@id":"https:\/\/www.hotelsardi.it\/de\/#website"},"primaryImageOfPage":{"@id":"https:\/\/www.hotelsardi.it\/de\/angebote\/faehrbuchung\/#primaryimage"},"image":{"@id":"https:\/\/www.hotelsardi.it\/de\/angebote\/faehrbuchung\/#primaryimage"},"thumbnailUrl":"https:\/\/www.hotelsardi.it\/wp-content\/uploads\/hotel_sardi_q.png","datePublished":"2023-06-20T12:18:54+00:00","dateModified":"2023-11-07T08:43:56+00:00","description":"Unser Hotel bietet den G\u00e4sten verg\u00fcnstigte F\u00e4hrentickets f\u00fcr die F\u00e4hrengesellschaften (BluNavy, Moby, Toremar).","breadcrumb":{"@id":"https:\/\/www.hotelsardi.it\/de\/angebote\/faehrbuchung\/#breadcrumb"},"inLanguage":"de","potentialAction":[{"@type":"ReadAction","target":["https:\/\/www.hotelsardi.it\/de\/angebote\/faehrbuchung\/"]}]},{"@type":"ImageObject","inLanguage":"de","@id":"https:\/\/www.hotelsardi.it\/de\/angebote\/faehrbuchung\/#primaryimage","url":"https:\/\/www.hotelsardi.it\/wp-content\/uploads\/hotel_sardi_q.png","contentUrl":"https:\/\/www.hotelsardi.it\/wp-content\/uploads\/hotel_sardi_q.png","width":512,"height":512},{"@type":"BreadcrumbList","@id":"https:\/\/www.hotelsardi.it\/de\/angebote\/faehrbuchung\/#breadcrumb","itemListElement":[{"@type":"ListItem","position":1,"name":"Home","item":"https:\/\/www.hotelsardi.it\/de\/"},{"@type":"ListItem","position":2,"name":"Angebote","item":"https:\/\/www.hotelsardi.it\/de\/angebote\/"},{"@type":"ListItem","position":3,"name":"F\u00e4hrbuchung"}]},{"@type":"WebSite","@id":"https:\/\/www.hotelsardi.it\/de\/#website","url":"https:\/\/www.hotelsardi.it\/de\/","name":"Hotel Sardi B&B","description":"Pomonte, Insel Elba","publisher":{"@id":"https:\/\/www.hotelsardi.it\/de\/#organization"},"potentialAction":[{"@type":"SearchAction","target":{"@type":"EntryPoint","urlTemplate":"https:\/\/www.hotelsardi.it\/de\/?s={search_term_string}"},"query-input":{"@type":"PropertyValueSpecification","valueRequired":true,"valueName":"search_term_string"}}],"inLanguage":"de"},{"@type":"Organization","@id":"https:\/\/www.hotelsardi.it\/de\/#organization","name":"Hotel Sardi B&B","url":"https:\/\/www.hotelsardi.it\/de\/","logo":{"@type":"ImageObject","inLanguage":"de","@id":"https:\/\/www.hotelsardi.it\/de\/#\/schema\/logo\/image\/","url":"https:\/\/www.hotelsardi.it\/wp-content\/uploads\/hotel_sardi_q.png","contentUrl":"https:\/\/www.hotelsardi.it\/wp-content\/uploads\/hotel_sardi_q.png","width":512,"height":512,"caption":"Hotel Sardi B&B"},"image":{"@id":"https:\/\/www.hotelsardi.it\/de\/#\/schema\/logo\/image\/"}}]}},"_links":{"self":[{"href":"https:\/\/www.hotelsardi.it\/de\/wp-json\/wp\/v2\/pages\/79242","targetHints":{"allow":["GET"]}}],"collection":[{"href":"https:\/\/www.hotelsardi.it\/de\/wp-json\/wp\/v2\/pages"}],"about":[{"href":"https:\/\/www.hotelsardi.it\/de\/wp-json\/wp\/v2\/types\/page"}],"author":[{"embeddable":true,"href":"https:\/\/www.hotelsardi.it\/de\/wp-json\/wp\/v2\/users\/1"}],"replies":[{"embeddable":true,"href":"https:\/\/www.hotelsardi.it\/de\/wp-json\/wp\/v2\/comments?post=79242"}],"version-history":[{"count":10,"href":"https:\/\/www.hotelsardi.it\/de\/wp-json\/wp\/v2\/pages\/79242\/revisions"}],"predecessor-version":[{"id":79769,"href":"https:\/\/www.hotelsardi.it\/de\/wp-json\/wp\/v2\/pages\/79242\/revisions\/79769"}],"up":[{"embeddable":true,"href":"https:\/\/www.hotelsardi.it\/de\/wp-json\/wp\/v2\/pages\/79209"}],"wp:featuredmedia":[{"embeddable":true,"href":"https:\/\/www.hotelsardi.it\/de\/wp-json\/wp\/v2\/media\/78112"}],"wp:attachment":[{"href":"https:\/\/www.hotelsardi.it\/de\/wp-json\/wp\/v2\/media?parent=79242"}],"curies":[{"name":"wp","href":"https:\/\/api.w.org\/{rel}","templated":true}]}}